{"id":14286,"date":"2021-02-28T17:01:13","date_gmt":"2021-02-28T17:01:13","guid":{"rendered":"http:\/\/www.zlobki-gorzow.pl\/dwojka\/?page_id=14286"},"modified":"2021-02-28T17:01:13","modified_gmt":"2021-02-28T17:01:13","slug":"deklaracja","status":"publish","type":"page","link":"https:\/\/zlobkigo.hosting24.pl\/dwojka\/deklaracja\/","title":{"rendered":"Deklaracja"},"content":{"rendered":"<p>Deklaracja dost\u0119pno\u015bci serwisu WWW \u017b\u0142obka Miejskiego Nr 2 w Gorzowie Wlkp.<\/p>\n<p>\u017b\u0142obek Miejski Nr2 w Gorzowie Wlkp. zobowi\u0105zuje si\u0119 zapewni\u0107 dost\u0119pno\u015b\u0107 swojej strony internetowej zgodnie z przepisami ustawy z dnia 4 kwietnia 2019 r. o dost\u0119pno\u015bci cyfrowej stron internetowych i aplikacji mobilnych podmiot\u00f3w publicznych. O\u015bwiadczenie w sprawie dost\u0119pno\u015bci ma zastosowanie do strony internetowej serwisu WWW \u017b\u0142obka Miejskiego Nr 2 w Gorzowie Wlkp.<\/p>\n<p>    Data publikacji strony internetowej: 2011-07-15<br \/>\n    Data ostatniej istotnej aktualizacji: 2021-01-18<\/p>\n<p>Status pod wzgl\u0119dem zgodno\u015bci z ustaw\u0105<\/p>\n<p>Strona internetowa jest cz\u0119\u015bciowo zgodna z ustaw\u0105 o dost\u0119pno\u015bci cyfrowej stron internetowych i aplikacji mobilnych podmiot\u00f3w publicznych z powodu niezgodno\u015bci lub wy\u0142\u0105cze\u0144 wymienionych poni\u017cej.<br \/>\nTre\u015bci niedost\u0119pne<\/p>\n<p>    filmy, materia\u0142y multimedialne nie posiadaj\u0105 audiodeskrypcji , napis\u00f3w dla os\u00f3b g\u0142uchych,<br \/>\n    cz\u0119\u015b\u0107 plik\u00f3w nie jest dost\u0119pnych cyfrowo,<br \/>\n    brak opis\u00f3w alternatywnych i tytu\u0142\u00f3w dla cz\u0119\u015bci zdj\u0119\u0107 i obrazk\u00f3w,<br \/>\n    cz\u0119\u015b\u0107 dokument\u00f3w PDF posiada b\u0142\u0119dy w warstwie tekstowej (po skanowaniu\/OCR),<br \/>\n    dokumenty PDF nie s\u0105 poprawnie odczytywane przez programy dla os\u00f3b niewidz\u0105cych (np. nieprawid\u0142owo przygotowane tabele, wykresy, obrazki, brak sekcji nawigacyjnych, tytu\u0142u itp.).<\/p>\n<p>Wy\u0142\u0105czenia<\/p>\n<p>    mapy s\u0105 wy\u0142\u0105czone z obowi\u0105zku zapewniania dost\u0119pno\u015bci,<br \/>\n    filmy zosta\u0142y opublikowane przed wej\u015bciem w \u017cycie ustawy o dost\u0119pno\u015bci cyfrowej, poprawienie dost\u0119pno\u015bci strony nios\u0142oby za sob\u0105 nadmierne obci\u0105\u017cenia dla podmiotu publicznego.<\/p>\n<p>Przygotowanie deklaracji w sprawie dost\u0119pno\u015bci<\/p>\n<p>    Deklaracj\u0119 sporz\u0105dzono dnia: 2020-03-31<br \/>\n    Deklaracj\u0119 zosta\u0142a ostatnio poddana przegl\u0105dowi i aktualizacji dnia: 2021-01-31<\/p>\n<p>Deklaracj\u0119 sporz\u0105dzono na podstawie samooceny.<br \/>\nInformacje zwrotne i dane kontaktowe<\/p>\n<p>    Za rozpatrywanie uwag i wniosk\u00f3w odpowiada: Katarzyna \u0141uczak.<br \/>\n    E-mail: zm2@interia.pl<br \/>\n    Telefon: 506 641 625<\/p>\n<p>Ka\u017cdy ma prawo:<\/p>\n<p>    zg\u0142osi\u0107 uwagi dotycz\u0105ce dost\u0119pno\u015bci cyfrowej strony lub jej elementu,<br \/>\n    zg\u0142osi\u0107 \u017c\u0105danie zapewnienia dost\u0119pno\u015bci cyfrowej strony lub jej elementu,<br \/>\n    wnioskowa\u0107 o udost\u0119pnienie niedost\u0119pnej informacji w innej alternatywnej formie.<\/p>\n<p>\u017b\u0105danie musi zawiera\u0107:<\/p>\n<p>    dane kontaktowe osoby zg\u0142aszaj\u0105cej,<br \/>\n    wskazanie strony lub elementu strony, kt\u00f3rej dotyczy \u017c\u0105danie,<br \/>\n    wskazanie dogodnej formy udost\u0119pnienia informacji, je\u015bli \u017c\u0105danie dotyczy udost\u0119pnienia w formie alternatywnej informacji niedost\u0119pnej.<\/p>\n<p>Rozpatrzenie zg\u0142oszenia powinno nast\u0105pi\u0107 niezw\u0142ocznie, najp\u00f3\u017aniej w ci\u0105gu 7 dni. Je\u015bli w tym terminie zapewnienie dost\u0119pno\u015bci albo zapewnienie dost\u0119pu w alternatywnej formie nie jest mo\u017cliwe, powinno nast\u0105pi\u0107 najdalej w ci\u0105gu 2 miesi\u0119cy od daty zg\u0142oszenia.<br \/>\nSkargi i odwo\u0142ania<\/p>\n<p>Na niedotrzymanie tych termin\u00f3w oraz na odmow\u0119 realizacji \u017c\u0105dania mo\u017cna z\u0142o\u017cy\u0107 skarg\u0119 do organu nadzoruj\u0105cego poczt\u0105 lub drog\u0105 elektroniczn\u0105 na adres:<\/p>\n<p>    Organ nadzoruj\u0105cy: Dyrektor \u017b\u0142obka<br \/>\n    Adres: \u017b\u0142obek Miejski Nr 2 w Gorzowie Wlkp., ul. Obotrycka 1, 66-400 Gorz\u00f3w Wlkp.<br \/>\n    E-mail: dyrektorzm2@interia.pl<br \/>\n    Telefon: 506 641 625<\/p>\n<p>Skarg\u0119 mo\u017cna z\u0142o\u017cy\u0107 r\u00f3wnie\u017c do Rzecznika Praw Obywatelskich.<br \/>\nDost\u0119pno\u015b\u0107 architektoniczna<br \/>\nDo budynku prowadzi jedno wej\u015bcie od ul. Obotryckiej.<br \/>\nPrzed budynkiem brak wyznaczonych miejsc parkingowych dla os\u00f3b niepe\u0142nosprawnych.<br \/>\nDudynek dwupoziomowy, cz\u0119\u015bcowo przystosowany dla os\u00f3b niepe\u0142nosprawnych.<br \/>\nWej\u015bcie do budynku przez bramk\u0119 i drzwi g\u0142\u00f3wne z podjazdem dla os\u00f3b niepe\u0142nosprawnych.<br \/>\nWej\u015bcie nie jest zabezpieczone bramkami.<br \/>\nNad wej\u015bciem nie ma g\u0142o\u015bnik\u00f3w systemu naprowadzaj\u0105cego d\u017awi\u0119kowo osoby niewidome i s\u0142abowidz\u0105ce.<br \/>\nPrzy wej\u015bciu do budynku umieszczony jest dzwonek przywo\u0142awczy.<br \/>\nW budynku nie ma windy.<br \/>\nBrak toalet dla os\u00f3b niepe\u0142nosprawnych.<br \/>\nW budynku nie ma oznacze\u0144 w alfabecie brajla ani oznacze\u0144 kontrastowych lub w druku powi\u0119kszonym dla os\u00f3b niewidomych i s\u0142abowidz\u0105cych.<br \/>\nDo budynku i wszystkich jego pomieszcze\u0144 mo\u017cna wej\u015b\u0107 z psem asystuj\u0105cym i psem przewodnikiem.<br \/>\nMo\u017cna skorzysta\u0107 z pomocy osoby przybranej tj. osoby, kt\u00f3ra uko\u0144czy\u0142a 16 lat i zosta\u0142a wybrana przez osob\u0119 zainteresowan\u0105 w celu u\u0142atwienia porozumienia z ni\u0105 i udzielenia jej pomocy w za\u0142atwieniu spraw.<br \/>\nOsoba zainteresowana za\u0142atwieniem sprawy urz\u0119dowej przy pomocy t\u0142umacza j\u0119zyka migowego powinna zg\u0142osi\u0107 ten fakt co najmniej na 3 dni robocze przed planowanym terminem jej za\u0142atwienia (z wy\u0142\u0105czeniem sytuacji nag\u0142ych).<br \/>\nW zg\u0142oszeniu nale\u017cy poda\u0107 zwi\u0119z\u0142y opis sprawy oraz wskaza\u0107 metod\u0119 komunikowania si\u0119:<br \/>\n    &#8211; PJM (polski j\u0119zyk migowy),<br \/>\n    &#8211; SJM (system j\u0119zykowo-migowy),<br \/>\n    &#8211; SKOGN (spos\u00f3b komunikowania si\u0119 os\u00f3b g\u0142uchoniemych).<br \/>\nZg\u0142oszenie winno by\u0107 dokonane za pomoc\u0105 dost\u0119pnych \u015brodk\u00f3w komunikacji  na podany powy\u017cej adres, numer telefonu, faksu lub e-mail.<\/p>\n<p>Informacje dodatkowe i inne o\u015bwiadczenia<\/p>\n<p>Przeprowadzono standardowe testy zgodno\u015bci standardami W3C i WCAG. Serwis w znacznym stopniu spe\u0142nia wytyczne techniczne zwi\u0105zane z dost\u0119pno\u015bci\u0105. Staramy si\u0119 sukcesywnie eliminowa\u0107 wszystkie b\u0142\u0119dy sk\u0142adowe, aby serwis dobrze spe\u0142nia\u0142 wytyczne zwi\u0105zane z dost\u0119pno\u015bci\u0105.<\/p>\n<p>Dost\u0119pne w serwisie skr\u00f3ty klawiaturowe (accesskey):<\/p>\n<p>    [u] \u2013 Szybki przeskok do bloku: ustawienia dost\u0119pno\u015bci,<br \/>\n    [m] \u2013 Szybki przeskok do bloku: menu g\u0142\u00f3wne,<br \/>\n    [t] \u2013 Szybki przeskok do bloku: g\u0142\u00f3wny obszar tre\u015bci,<br \/>\n    [s] \u2013 Szybki przeskok do bloku: wyszukiwarka,<br \/>\n    [l] \u2013 Szybki przeskok do bloku: menu g\u0142\u00f3wne\/lewe.<\/p>\n<p>Wywo\u0142ywanie skr\u00f3t\u00f3w klawiaturowych w najpopularniejszych wersjach przegl\u0105darek internetowych:<\/p>\n<p>    Google Chrome v 80.X lewy ALT + [litera_skr\u00f3tu],<br \/>\n    Mozilla Firefox v 74.X lewy SHIFT + lewy ALT + [litera_skr\u00f3tu],<br \/>\n    Internet Explorer v 11.X lewy ALT + [litera_skr\u00f3tu],<br \/>\n    Opera 67.X lewy ALT + [litera_skr\u00f3tu],<\/p>\n","protected":false},"excerpt":{"rendered":"<p>Deklaracja dost\u0119pno\u015bci serwisu WWW \u017b\u0142obka Miejskiego Nr 2 w Gorzowie Wlkp. \u017b\u0142obek Miejski Nr2 w Gorzowie Wlkp. zobowi\u0105zuje si\u0119 zapewni\u0107 dost\u0119pno\u015b\u0107 swojej strony internetowej zgodnie z przepisami ustawy z dnia [&hellip;]<\/p>\n","protected":false},"author":4,"featured_media":0,"parent":0,"menu_order":0,"comment_status":"closed","ping_status":"closed","template":"","meta":{"footnotes":""},"class_list":["post-14286","page","type-page","status-publish","hentry","clearfix"],"_links":{"self":[{"href":"https:\/\/zlobkigo.hosting24.pl\/dwojka\/wp-json\/wp\/v2\/pages\/14286","targetHints":{"allow":["GET"]}}],"collection":[{"href":"https:\/\/zlobkigo.hosting24.pl\/dwojka\/wp-json\/wp\/v2\/pages"}],"about":[{"href":"https:\/\/zlobkigo.hosting24.pl\/dwojka\/wp-json\/wp\/v2\/types\/page"}],"author":[{"embeddable":true,"href":"https:\/\/zlobkigo.hosting24.pl\/dwojka\/wp-json\/wp\/v2\/users\/4"}],"replies":[{"embeddable":true,"href":"https:\/\/zlobkigo.hosting24.pl\/dwojka\/wp-json\/wp\/v2\/comments?post=14286"}],"version-history":[{"count":0,"href":"https:\/\/zlobkigo.hosting24.pl\/dwojka\/wp-json\/wp\/v2\/pages\/14286\/revisions"}],"wp:attachment":[{"href":"https:\/\/zlobkigo.hosting24.pl\/dwojka\/wp-json\/wp\/v2\/media?parent=14286"}],"curies":[{"name":"wp","href":"https:\/\/api.w.org\/{rel}","templated":true}]}}