{"id":16181,"date":"2021-08-01T15:56:09","date_gmt":"2021-08-01T15:56:09","guid":{"rendered":"http:\/\/www.zlobki-gorzow.pl\/dwojka\/?page_id=16181"},"modified":"2021-08-01T15:56:09","modified_gmt":"2021-08-01T15:56:09","slug":"tekst-latwy-do-czytania-etr","status":"publish","type":"page","link":"https:\/\/zlobkigo.hosting24.pl\/dwojka\/tekst-latwy-do-czytania-etr\/","title":{"rendered":"Tekst \u0142atwy do czytania (ETR)"},"content":{"rendered":"<p><span style=\"font-size: 18pt;\">\u017b\u0142obek Miejski Nr 2 w Gorzowie Wielkopolskim.<\/span><\/p>\n<p><img fetchpriority=\"high\" decoding=\"async\" class=\"aligncenter size-full wp-image-16191\" src=\"https:\/\/www.zlobki-gorzow.pl\/dwojka\/wp-content\/uploads\/2021\/08\/widok.jpg\" alt=\"\" width=\"1386\" height=\"1039\" \/><\/p>\n<p><span style=\"font-size: 18pt;\">G\u0142\u00f3wna siedziba \u017c\u0142obka znajduje si\u0119 w Gorzowie Wielkopolskim przy ul. Obotryckiej 1.<\/span><\/p>\n<p><span style=\"font-size: 18pt;\">\u017b\u0142obek dzia\u0142a na podstawie nast\u0119puj\u0105cych akt\u00f3w prawnych:<\/span><\/p>\n<p><span style=\"font-size: 18pt;\">1. Ustawa z dnia 04 lutego 2011r. o opiece nad dzie\u0107mi w wieku do lat 3 (t.j. Dz. U. z 2021 r., poz. 75 );<\/span><\/p>\n<p><span style=\"font-size: 18pt;\">2. Rozporz\u0105dzenie Ministra Pracy i Polityki Spo\u0142ecznej z dnia 10 lipca 2014 r. w sprawie wymaga\u0144 lokalowych i sanitarnych jakie musi spe\u0142nia\u0107 lokal, w kt\u00f3rym ma by\u0107 prowadzony \u017c\u0142obek lub klub dzieci\u0119cy (t.j. Dz. U. z 2019r., poz. 72.);<\/span><\/p>\n<p><span style=\"font-size: 18pt;\">3. Uchwa\u0142a Nr V\/72\/2019 Rady Miasta Gorzowa Wlkp. z dnia 27 lutego 2019r. w sprawie nadania Statutu \u017b\u0142obka Miejskiego Nr 2 w Gorzowie Wlkp., zmieniona Uchwa\u0142\u0105 Rady Miasta Gorzowa Wielkopolskiego z dnia 26 lutego 2020 r. Nr XIX\/363\/2020 (Dz. Urz. Woj. Lubuskiego z 2020 roku, poz. 750).<\/span><\/p>\n<p><span style=\"font-size: 18pt;\">Rol\u0105 \u017c\u0142obka wynikaj\u0105c\u0105 z zapis\u00f3w Ustawa z dnia 04 lutego 2011r. o opiece nad dzie\u0107mi w wieku do lat 3 (art.10 ustawy) jest:<\/span><\/p>\n<p><span style=\"font-size: 18pt;\">1. zapewnienie dziecku opieki w warunkach bytowych zbli\u017conych do warunk\u00f3w domowych;<\/span><\/p>\n<p><span style=\"font-size: 18pt;\">2. zagwarantowanie dziecku w\u0142a\u015bciwej opieki piel\u0119gnacyjnej oraz edukacyjnej, przez prowadzenie zaj\u0119\u0107 zabawowych z elementami edukacji, z uwzgl\u0119dnieniem indywidualnych potrzeb dziecka;<\/span><\/p>\n<p><span style=\"font-size: 18pt;\">3. prowadzenie zaj\u0119\u0107 opieku\u0144czo-wychowawczych i edukacyjnych, uwzgl\u0119dniaj\u0105cych rozw\u00f3j psychomotoryczny dziecka, w\u0142a\u015bciwych do wieku dziecka.<\/span><\/p>\n<p><span style=\"font-size: 18pt;\">Budynek \u017c\u0142obka jest cz\u0119\u015bciowo dost\u0119pny dla os\u00f3b z niepe\u0142nosprawno\u015bciami. Wej\u015bcie do budynku wyposa\u017cone jest w podjazd dla os\u00f3b z niepe\u0142nosprawno\u015bciami.<\/span><\/p>\n<p><span style=\"font-size: 18pt;\">Osoby z niepe\u0142nosprawno\u015bciami, \u017ceby za\u0142atwi\u0107 spraw\u0119 w \u017c\u0142obku mog\u0105:<\/span><\/p>\n<p><span style=\"font-size: 18pt;\">\u2022 napisa\u0107 pismo i wys\u0142a\u0107 je na adres:<\/span><\/p>\n<p><span style=\"font-size: 18pt;\">\u017b\u0142obek Miejski Nr 2<\/span><\/p>\n<p><span style=\"font-size: 18pt;\">ul. Obotrycka 1<\/span><\/p>\n<p><span style=\"font-size: 18pt;\">66-400 Gorz\u00f3w Wielkopolski<\/span><\/p>\n<p><span style=\"font-size: 18pt;\">\u2022 przynie\u015b\u0107 pismo do siedziby \u017c\u0142obka przy ul. Obotryckiej 1 w Gorzowie Wielkopolskim.<\/span><\/p>\n<p><span style=\"font-size: 18pt;\">\u2022 napisa\u0107 pismo i wys\u0142a\u0107 je za pomoc\u0105 platformy e-PUAP: www.epuap.gov.pl<\/span><\/p>\n<p><span style=\"font-size: 18pt;\">E-PUAP to skr\u00f3t nazwy Elektroniczna Platforma Us\u0142ug Administracji Publicznej. Do tego sposobu trzeba mie\u0107 Internet i swoje konto w ePUAP.<\/span><\/p>\n<p><span style=\"font-size: 18pt;\">\u2022 napisa\u0107 wiadomo\u015b\u0107 i wys\u0142a\u0107 j\u0105 na adres e-mailowy: zm2@interia.pl.<\/span><\/p>\n<p><span style=\"font-size: 18pt;\">\u2022 zadzwoni\u0107 pod numer telefonu: 506 641 625.<\/span><\/p>\n<p><span style=\"font-size: 18pt;\">\u2022 przyj\u015b\u0107 do \u017c\u0142obka i spotka\u0107 si\u0119 z pracownikiem w godzinach pracy \u017c\u0142obka. Plac\u00f3wka jest czynna od poniedzia\u0142ku do pi\u0105tku od 6:30 do 16:30.<\/span><\/p>\n<p><span style=\"font-size: 18pt;\">Numery telefon\u00f3w do wszystkich grup w \u017c\u0142obku s\u0105 na stronie internetowej: https:\/\/www.zlobki-gorzow.pl\/dwojka\/kontakt\/<\/span><\/p>\n<p><span style=\"font-size: 18pt;\">Wszystkie informacje o \u017b\u0142obku Miejskim Nr 2 mo\u017cna znale\u017a\u0107 na stronach internetowych: https:\/\/www.zlobki-gorzow.pl\/dwojka\/ oraz BIP http:\/\/93.175.143.159\/<\/span><\/p>\n","protected":false},"excerpt":{"rendered":"<p>\u017b\u0142obek Miejski Nr 2 w Gorzowie Wielkopolskim. G\u0142\u00f3wna siedziba \u017c\u0142obka znajduje si\u0119 w Gorzowie Wielkopolskim przy ul. Obotryckiej 1. \u017b\u0142obek dzia\u0142a na podstawie nast\u0119puj\u0105cych akt\u00f3w prawnych: 1. Ustawa z dnia [&hellip;]<\/p>\n","protected":false},"author":4,"featured_media":0,"parent":0,"menu_order":0,"comment_status":"closed","ping_status":"closed","template":"","meta":{"footnotes":""},"class_list":["post-16181","page","type-page","status-publish","hentry","clearfix"],"_links":{"self":[{"href":"https:\/\/zlobkigo.hosting24.pl\/dwojka\/wp-json\/wp\/v2\/pages\/16181","targetHints":{"allow":["GET"]}}],"collection":[{"href":"https:\/\/zlobkigo.hosting24.pl\/dwojka\/wp-json\/wp\/v2\/pages"}],"about":[{"href":"https:\/\/zlobkigo.hosting24.pl\/dwojka\/wp-json\/wp\/v2\/types\/page"}],"author":[{"embeddable":true,"href":"https:\/\/zlobkigo.hosting24.pl\/dwojka\/wp-json\/wp\/v2\/users\/4"}],"replies":[{"embeddable":true,"href":"https:\/\/zlobkigo.hosting24.pl\/dwojka\/wp-json\/wp\/v2\/comments?post=16181"}],"version-history":[{"count":0,"href":"https:\/\/zlobkigo.hosting24.pl\/dwojka\/wp-json\/wp\/v2\/pages\/16181\/revisions"}],"wp:attachment":[{"href":"https:\/\/zlobkigo.hosting24.pl\/dwojka\/wp-json\/wp\/v2\/media?parent=16181"}],"curies":[{"name":"wp","href":"https:\/\/api.w.org\/{rel}","templated":true}]}}