{"id":2308,"date":"2024-02-27T20:45:56","date_gmt":"2024-02-27T19:45:56","guid":{"rendered":"https:\/\/zlobkigo.hosting24.pl\/dwojka\/?page_id=2308"},"modified":"2026-04-13T12:30:34","modified_gmt":"2026-04-13T10:30:34","slug":"zywienie","status":"publish","type":"page","link":"https:\/\/zlobkigo.hosting24.pl\/dwojka\/zywienie\/","title":{"rendered":"\u017bywienie"},"content":{"rendered":"\t\t<div data-elementor-type=\"wp-page\" data-elementor-id=\"2308\" class=\"elementor elementor-2308\" data-elementor-post-type=\"page\">\n\t\t\t\t<div class=\"elementor-element elementor-element-67d8dd5 e-flex e-con-boxed e-con e-parent\" data-id=\"67d8dd5\" data-element_type=\"container\" data-e-type=\"container\">\n\t\t\t\t\t<div class=\"e-con-inner\">\n\t\t<div class=\"elementor-element elementor-element-1704407 e-con-full e-flex e-con e-child\" data-id=\"1704407\" data-element_type=\"container\" data-e-type=\"container\">\n\t\t\t\t<div class=\"elementor-element elementor-element-f39e74f elementor-widget elementor-widget-image\" data-id=\"f39e74f\" data-element_type=\"widget\" data-e-type=\"widget\" data-widget_type=\"image.default\">\n\t\t\t\t<div class=\"elementor-widget-container\">\n\t\t\t\t\t\t\t\t\t\t\t\t\t\t\t<img decoding=\"async\" src=\"https:\/\/zlobkigo.hosting24.pl\/dwojka\/wp-content\/uploads\/2024\/04\/7P2ukIE2.jpg\" title=\"\" alt=\"\" loading=\"lazy\" \/>\t\t\t\t\t\t\t\t\t\t\t\t\t\t\t<\/div>\n\t\t\t\t<\/div>\n\t\t\t\t<\/div>\n\t\t<div class=\"elementor-element elementor-element-e232532 e-con-full e-flex e-con e-child\" data-id=\"e232532\" data-element_type=\"container\" data-e-type=\"container\">\n\t\t\t\t<div class=\"elementor-element elementor-element-1c12952 elementor-widget elementor-widget-text-editor\" data-id=\"1c12952\" data-element_type=\"widget\" data-e-type=\"widget\" data-widget_type=\"text-editor.default\">\n\t\t\t\t<div class=\"elementor-widget-container\">\n\t\t\t\t\t\t\t\t\t<p><strong>Warto\u015bciowa \u017cywno\u015b\u0107 to podstawa\u2026<\/strong><\/p><p>Dzieci maj\u0105 zapewnione 4 posi\u0142ki dziennie:<\/p><ul><li>\u00a0 \u015bniadanie<\/li><li>\u00a0 drugie \u015bniadanie<\/li><li>\u00a0 obiad<\/li><li>\u00a0 podwieczorek.<\/li><\/ul><p>Posi\u0142ki sporz\u0105dzone s\u0105 z produkt\u00f3w wysokiej jako\u015bci zakupionych u sprawdzonych dostawc\u00f3w. S\u0105 zgodne z gramatur\u0105 i normami obowi\u0105zuj\u0105cymi w \u017c\u0142obku. Staramy si\u0119, aby posi\u0142ki by\u0142y smaczne, kolorowe, przyci\u0105gaj\u0105ce wzrok dziecka.<\/p>\t\t\t\t\t\t\t\t<\/div>\n\t\t\t\t<\/div>\n\t\t\t\t<\/div>\n\t\t\t\t\t<\/div>\n\t\t\t\t<\/div>\n\t\t<div class=\"elementor-element elementor-element-8c0f247 e-flex e-con-boxed e-con e-parent\" data-id=\"8c0f247\" data-element_type=\"container\" data-e-type=\"container\">\n\t\t\t\t\t<div class=\"e-con-inner\">\n\t\t\t\t<div class=\"elementor-element elementor-element-5a0f809 elementor-widget elementor-widget-text-editor\" data-id=\"5a0f809\" data-element_type=\"widget\" data-e-type=\"widget\" data-widget_type=\"text-editor.default\">\n\t\t\t\t<div class=\"elementor-widget-container\">\n\t\t\t\t\t\t\t\t\t<p><strong>Tygodniowe jad\u0142ospisy wywieszane s\u0105 na tablicy og\u0142osze\u0144\u00a0w \u017c\u0142obku.<\/strong><\/p><p>Zgodnie z Uchwa\u0142\u0105 Nr X\/172\/2024 Rady Miasta Gorzowa Wielkopolskiego z dnia 26 listopada 2024 r. w sprawie ustalenia op\u0142at za pobyt i wy\u017cywienie dziecka w \u017c\u0142obkach miejskich (Dz. U. Wojew\u00f3dztwa Lubuskiego z\u00a0 2024 roku, poz. 2855) dzienna wysoko\u015b\u0107 op\u0142aty za wy\u017cywienie dziecka w \u017c\u0142obku wynosi <strong>10,00 z\u0142.<\/strong><\/p><p><strong>Wykaz alergen\u00f3w obowi\u0105zuj\u0105cy w \u017b\u0142obku Miejskim Nr 2. <\/strong>(plik do pobrania)<strong><a href=\"https:\/\/zlobkigo.hosting24.pl\/dwojka\/wp-content\/uploads\/2024\/03\/Wykaz-alergenow-Zlobek-Miejski-Nr-2.pdf\">wykaz-alergenow-zlobek-miejski-nr-2<\/a><br \/><\/strong><\/p><p><strong>Poni\u017cej prezentujemy jad\u0142ospisy dla dzieci na ca\u0142y tydzie\u0144:<\/strong><\/p><p><a href=\"https:\/\/zlobkigo.hosting24.pl\/dwojka\/wp-content\/uploads\/2026\/04\/jadlospis-13-17.04.2026.docx\">jad\u0142ospis 13-17.04.2026<\/a><\/p><p>Szanowni Pa\u0144stwo,<\/p><p>Kontynuuj\u0105c w 2025 roku program edukacyjny dedykowany plac\u00f3wkom \u017c\u0142obkowym i rodzicom dzieci, udost\u0119pniamy Pa\u0144stwu link do ciekawego artyku\u0142u zamieszczonego na stronie 1000 dni <strong>\u201eKaszka na \u015bniadanie\u201d, <\/strong>autorstwa dietetyk mgr Karoliny \u0141ukaszewicz-Marsza\u0142.<\/p><p>LINK: <a href=\"https:\/\/1000dni.pl\/zywienie-i-rozwoj-niemowlecia\/kaszka-na-sniadanie\">https:\/\/1000dni.pl\/zywienie-i-rozwoj-niemowlecia\/kaszka-na-sniadanie<\/a><\/p><p>Z artyku\u0142u mo\u017cna dowiedzie\u0107 si\u0119 m. in:<\/p><ol><li><a href=\"https:\/\/1000dni.pl\/zywienie-i-rozwoj-niemowlecia\/kaszka-na-sniadanie#Czy_podawac_kaszke_na_sniadanie\">Czy podawa\u0107 kaszk\u0119 na \u015bniadanie?<\/a><\/li><li><a href=\"https:\/\/1000dni.pl\/zywienie-i-rozwoj-niemowlecia\/kaszka-na-sniadanie#Jak_wybierac_produkty_zbozowe_dla_maluchow_Pamietaj_o\">Jak wybiera\u0107 produkty zbo\u017cowe dla maluch\u00f3w? Pami\u0119taj o:<\/a><\/li><li><a href=\"https:\/\/1000dni.pl\/zywienie-i-rozwoj-niemowlecia\/kaszka-na-sniadanie#Czy_warto_podawac_kaszke_na_sniadanie\">Czy warto podawa\u0107 kaszk\u0119 na \u015bniadanie?<\/a><\/li><li><a href=\"https:\/\/1000dni.pl\/zywienie-i-rozwoj-niemowlecia\/kaszka-na-sniadanie#Od_kiedy_kaszki_mozna_podawac_na_sniadanie\">Od kiedy kaszki mo\u017cna podawa\u0107 na \u015bniadanie?<\/a><\/li><li><a href=\"https:\/\/1000dni.pl\/zywienie-i-rozwoj-niemowlecia\/kaszka-na-sniadanie#Trzy_przepisy_na_udane_sniadanie_dla_starszych_dzieci_z_wykorzystaniem_kaszki\">Trzy przepisy na udane \u015bniadanie dla starszych dzieci z wykorzystaniem kaszki:<\/a><\/li><\/ol><p>Serdecznie zach\u0119camy do zapoznania si\u0119 z materia\u0142em.<\/p>\t\t\t\t\t\t\t\t<\/div>\n\t\t\t\t<\/div>\n\t\t\t\t\t<\/div>\n\t\t\t\t<\/div>\n\t\t\t\t<\/div>\n\t\t","protected":false},"excerpt":{"rendered":"<p>Warto\u015bciowa \u017cywno\u015b\u0107 to podstawa\u2026 Dzieci maj\u0105 zapewnione 4 posi\u0142ki dziennie: \u00a0 \u015bniadanie \u00a0 drugie \u015bniadanie \u00a0 obiad \u00a0 podwieczorek. Posi\u0142ki sporz\u0105dzone s\u0105 z produkt\u00f3w wysokiej jako\u015bci zakupionych u sprawdzonych dostawc\u00f3w. [&hellip;]<\/p>\n","protected":false},"author":4,"featured_media":0,"parent":0,"menu_order":0,"comment_status":"closed","ping_status":"closed","template":"","meta":{"footnotes":""},"class_list":["post-2308","page","type-page","status-publish","hentry","clearfix"],"_links":{"self":[{"href":"https:\/\/zlobkigo.hosting24.pl\/dwojka\/wp-json\/wp\/v2\/pages\/2308","targetHints":{"allow":["GET"]}}],"collection":[{"href":"https:\/\/zlobkigo.hosting24.pl\/dwojka\/wp-json\/wp\/v2\/pages"}],"about":[{"href":"https:\/\/zlobkigo.hosting24.pl\/dwojka\/wp-json\/wp\/v2\/types\/page"}],"author":[{"embeddable":true,"href":"https:\/\/zlobkigo.hosting24.pl\/dwojka\/wp-json\/wp\/v2\/users\/4"}],"replies":[{"embeddable":true,"href":"https:\/\/zlobkigo.hosting24.pl\/dwojka\/wp-json\/wp\/v2\/comments?post=2308"}],"version-history":[{"count":235,"href":"https:\/\/zlobkigo.hosting24.pl\/dwojka\/wp-json\/wp\/v2\/pages\/2308\/revisions"}],"predecessor-version":[{"id":44810,"href":"https:\/\/zlobkigo.hosting24.pl\/dwojka\/wp-json\/wp\/v2\/pages\/2308\/revisions\/44810"}],"wp:attachment":[{"href":"https:\/\/zlobkigo.hosting24.pl\/dwojka\/wp-json\/wp\/v2\/media?parent=2308"}],"curies":[{"name":"wp","href":"https:\/\/api.w.org\/{rel}","templated":true}]}}