{"id":2344,"date":"2024-02-27T21:06:10","date_gmt":"2024-02-27T20:06:10","guid":{"rendered":"https:\/\/zlobkigo.hosting24.pl\/dwojka\/?page_id=2344"},"modified":"2026-04-15T12:00:18","modified_gmt":"2026-04-15T10:00:18","slug":"rekrutacja-2024","status":"publish","type":"page","link":"https:\/\/zlobkigo.hosting24.pl\/dwojka\/rekrutacja-2024\/","title":{"rendered":"Rekrutacja"},"content":{"rendered":"\t\t<div data-elementor-type=\"wp-page\" data-elementor-id=\"2344\" class=\"elementor elementor-2344\" data-elementor-post-type=\"page\">\n\t\t\t\t<div class=\"elementor-element elementor-element-492678c e-flex e-con-boxed e-con e-parent\" data-id=\"492678c\" data-element_type=\"container\" data-e-type=\"container\">\n\t\t\t\t\t<div class=\"e-con-inner\">\n\t\t\t\t<div class=\"elementor-element elementor-element-794c7de elementor-widget elementor-widget-text-editor\" data-id=\"794c7de\" data-element_type=\"widget\" data-e-type=\"widget\" data-widget_type=\"text-editor.default\">\n\t\t\t\t<div class=\"elementor-widget-container\">\n\t\t\t\t\t\t\t\t\t<header class=\"page-header\"><\/header><div class=\"pe-article-content\">\u00a0<\/div><p style=\"text-align: center;\"><strong>Nab\u00f3r podstawowy<\/strong><\/p><p style=\"text-align: center;\"><strong>E-nab\u00f3r do \u017c\u0142obk\u00f3w miejskich<\/strong><\/p><p style=\"text-align: center;\">Rekrutacja do \u017c\u0142obk\u00f3w miejskich w ramach naboru podstawowego odbywa si\u0119 od 15 do 30 kwietnia ka\u017cdego roku<\/p><p style=\"text-align: center;\">Do \u017c\u0142obka przyjmowane s\u0105 dzieci:<\/p><ul><li>od 20 tygodnia \u017cycia do 3 lat;<\/li><li>zamieszka\u0142e na terenie miasta Gorzowa Wielkopolskiego;<\/li><li>po uwzgl\u0119dnieniu dzieci, o kt\u00f3rych mowa powy\u017cej, do \u017c\u0142obka mog\u0105 zosta\u0107 przyj\u0119te dzieci zamieszka\u0142e poza terenem Miasta Gorzowa Wielkopolskiego.<\/li><\/ul><p style=\"text-align: center;\">\u2013 nab\u00f3r podstawowy prowadzony jest za po\u015brednictwem zg\u0142oszenia internetowego, nast\u0119pnie nale\u017cy wydrukowa\u0107 kart\u0119 przyj\u0119cia dziecka do \u017c\u0142obka i dostarczy\u0107 do plac\u00f3wki.<\/p>\t\t\t\t\t\t\t\t<\/div>\n\t\t\t\t<\/div>\n\t\t\t\t<div class=\"elementor-element elementor-element-692d025 elementor-widget elementor-widget-spacer\" data-id=\"692d025\" data-element_type=\"widget\" data-e-type=\"widget\" data-widget_type=\"spacer.default\">\n\t\t\t\t<div class=\"elementor-widget-container\">\n\t\t\t\t\t\t\t<div class=\"elementor-spacer\">\n\t\t\t<div class=\"elementor-spacer-inner\"><\/div>\n\t\t<\/div>\n\t\t\t\t\t\t<\/div>\n\t\t\t\t<\/div>\n\t\t\t\t\t<\/div>\n\t\t\t\t<\/div>\n\t\t<div class=\"elementor-element elementor-element-112f5b5 e-flex e-con-boxed e-con e-parent\" data-id=\"112f5b5\" data-element_type=\"container\" data-e-type=\"container\">\n\t\t\t\t\t<div class=\"e-con-inner\">\n\t\t<div class=\"elementor-element elementor-element-bd67492 e-con-full e-flex e-con e-child\" data-id=\"bd67492\" data-element_type=\"container\" data-e-type=\"container\">\n\t\t\t\t<div class=\"elementor-element elementor-element-3e830cd elementor-widget elementor-widget-heading\" data-id=\"3e830cd\" data-element_type=\"widget\" data-e-type=\"widget\" data-widget_type=\"heading.default\">\n\t\t\t\t<div class=\"elementor-widget-container\">\n\t\t\t\t\t<h2 class=\"elementor-heading-title elementor-size-default\">Krok 1<\/h2>\t\t\t\t<\/div>\n\t\t\t\t<\/div>\n\t\t\t\t<div class=\"elementor-element elementor-element-fd7b14a elementor-widget elementor-widget-text-editor\" data-id=\"fd7b14a\" data-element_type=\"widget\" data-e-type=\"widget\" data-widget_type=\"text-editor.default\">\n\t\t\t\t<div class=\"elementor-widget-container\">\n\t\t\t\t\t\t\t\t\t<p style=\"text-align: center;\">W przegl\u0105darce internetowej wchodzimy na stron\u0119:\u00a0<strong>um.gorzow.pl<\/strong><\/p>\t\t\t\t\t\t\t\t<\/div>\n\t\t\t\t<\/div>\n\t\t\t\t<\/div>\n\t\t<div class=\"elementor-element elementor-element-35edd73 e-con-full e-flex e-con e-child\" data-id=\"35edd73\" data-element_type=\"container\" data-e-type=\"container\">\n\t\t\t\t<div class=\"elementor-element elementor-element-9037dfb elementor-widget elementor-widget-heading\" data-id=\"9037dfb\" data-element_type=\"widget\" data-e-type=\"widget\" data-widget_type=\"heading.default\">\n\t\t\t\t<div class=\"elementor-widget-container\">\n\t\t\t\t\t<h2 class=\"elementor-heading-title elementor-size-default\">Krok 2<\/h2>\t\t\t\t<\/div>\n\t\t\t\t<\/div>\n\t\t\t\t<div class=\"elementor-element elementor-element-02a9f70 elementor-widget elementor-widget-text-editor\" data-id=\"02a9f70\" data-element_type=\"widget\" data-e-type=\"widget\" data-widget_type=\"text-editor.default\">\n\t\t\t\t<div class=\"elementor-widget-container\">\n\t\t\t\t\t\t\t\t\t<p style=\"text-align: center;\">W lewym g\u00f3rnym rogu klikamy na zak\u0142adk\u0119:\u00a0<strong>E-URZ\u0104D<\/strong><\/p>\t\t\t\t\t\t\t\t<\/div>\n\t\t\t\t<\/div>\n\t\t\t\t<\/div>\n\t\t<div class=\"elementor-element elementor-element-6dc159c e-con-full e-flex e-con e-child\" data-id=\"6dc159c\" data-element_type=\"container\" data-e-type=\"container\">\n\t\t\t\t<div class=\"elementor-element elementor-element-1be26e8 elementor-widget elementor-widget-heading\" data-id=\"1be26e8\" data-element_type=\"widget\" data-e-type=\"widget\" data-widget_type=\"heading.default\">\n\t\t\t\t<div class=\"elementor-widget-container\">\n\t\t\t\t\t<h2 class=\"elementor-heading-title elementor-size-default\">Krok 3<\/h2>\t\t\t\t<\/div>\n\t\t\t\t<\/div>\n\t\t\t\t<div class=\"elementor-element elementor-element-e317299 elementor-widget elementor-widget-text-editor\" data-id=\"e317299\" data-element_type=\"widget\" data-e-type=\"widget\" data-widget_type=\"text-editor.default\">\n\t\t\t\t<div class=\"elementor-widget-container\">\n\t\t\t\t\t\t\t\t\t<p style=\"text-align: center;\">Kategoria Edukacja klikamy:\u00a0<a role=\"link\" href=\"https:\/\/nabor-kandydat.edukacja.gorzow.pl\/gorzow\/News\">Nab\u00f3r do \u017c\u0142obk\u00f3w<\/a><\/p>\t\t\t\t\t\t\t\t<\/div>\n\t\t\t\t<\/div>\n\t\t\t\t<\/div>\n\t\t<div class=\"elementor-element elementor-element-4972242 e-con-full e-flex e-con e-child\" data-id=\"4972242\" data-element_type=\"container\" data-e-type=\"container\">\n\t\t\t\t<div class=\"elementor-element elementor-element-b6027db elementor-widget elementor-widget-heading\" data-id=\"b6027db\" data-element_type=\"widget\" data-e-type=\"widget\" data-widget_type=\"heading.default\">\n\t\t\t\t<div class=\"elementor-widget-container\">\n\t\t\t\t\t<h2 class=\"elementor-heading-title elementor-size-default\">Krok 4<\/h2>\t\t\t\t<\/div>\n\t\t\t\t<\/div>\n\t\t\t\t<div class=\"elementor-element elementor-element-37943da elementor-widget elementor-widget-text-editor\" data-id=\"37943da\" data-element_type=\"widget\" data-e-type=\"widget\" data-widget_type=\"text-editor.default\">\n\t\t\t\t<div class=\"elementor-widget-container\">\n\t\t\t\t\t\t\t\t\t<p style=\"text-align: center;\"><strong>Od 15 kwietnia 2026 r. od godziny 8:00 b\u0119dzie odblokowana Karta przyj\u0119cia dziecka do \u017c\u0142obka <\/strong>, kt\u00f3r\u0105 nale\u017cy wype\u0142ni\u0107, zapisa\u0107, podpisa\u0107 i dostarczy\u0107 wraz z wymaganymi dokumentami do plac\u00f3wki.<\/p>\t\t\t\t\t\t\t\t<\/div>\n\t\t\t\t<\/div>\n\t\t\t\t<\/div>\n\t\t\t\t\t<\/div>\n\t\t\t\t<\/div>\n\t\t<div class=\"elementor-element elementor-element-30bc8b6 e-flex e-con-boxed e-con e-parent\" data-id=\"30bc8b6\" data-element_type=\"container\" data-e-type=\"container\">\n\t\t\t\t\t<div class=\"e-con-inner\">\n\t\t\t\t<div class=\"elementor-element elementor-element-a7e845d elementor-widget elementor-widget-spacer\" data-id=\"a7e845d\" data-element_type=\"widget\" data-e-type=\"widget\" data-widget_type=\"spacer.default\">\n\t\t\t\t<div class=\"elementor-widget-container\">\n\t\t\t\t\t\t\t<div class=\"elementor-spacer\">\n\t\t\t<div class=\"elementor-spacer-inner\"><\/div>\n\t\t<\/div>\n\t\t\t\t\t\t<\/div>\n\t\t\t\t<\/div>\n\t\t\t\t<div class=\"elementor-element elementor-element-1bde886 elementor-widget elementor-widget-heading\" data-id=\"1bde886\" data-element_type=\"widget\" data-e-type=\"widget\" data-widget_type=\"heading.default\">\n\t\t\t\t<div class=\"elementor-widget-container\">\n\t\t\t\t\t<h2 class=\"elementor-heading-title elementor-size-default\">Zasady rekrutacji okre\u015blaj\u0105 nast\u0119puj\u0105ce akty prawne:<\/h2>\t\t\t\t<\/div>\n\t\t\t\t<\/div>\n\t\t\t\t<div class=\"elementor-element elementor-element-76ce14f elementor-widget elementor-widget-text-editor\" data-id=\"76ce14f\" data-element_type=\"widget\" data-e-type=\"widget\" data-widget_type=\"text-editor.default\">\n\t\t\t\t<div class=\"elementor-widget-container\">\n\t\t\t\t\t\t\t\t\t<ol><li style=\"list-style-type: none;\"><ol><li style=\"list-style-type: none;\"><ol><li>Ustawa z dnia 4 lutego o opiece nad dzie\u0107mi do lat 3 ( Dz. U. z 2025 r., poz. 798\u00a0 ze zm.); (plik do pobrania) <a href=\"https:\/\/zlobkigo.hosting24.pl\/dwojka\/wp-content\/uploads\/2026\/04\/ustawa-zlobkowa-2025.pdf\">ustawa \u017c\u0142obkowa 2025<\/a><\/li><li>Uchwa\u0142aNr XXXI\/575\/2026 Rady Miasta Gorzowa Wielkopolskiego z dnia 24 marca 2026r. w sprawie nadania statutu \u017b\u0142obkowi Miejskiemu Nr 2 w Gorzowie Wielkopolskim (Dz. Urz. Woj. Lubuskiego z 2026 roku, poz. 696)<a href=\"https:\/\/zlobkigo.hosting24.pl\/dwojka\/wp-content\/uploads\/2026\/04\/ZM2-statut-04.2026.pdf\">\u017bM2 statut 04.2026<\/a><\/li><li><p>Zarz\u0105dzenia nr 03\/2026 Dyrektora \u017b\u0142obka Miejskiego Nr 2 w Gorzowie Wielopolskiego z dnia 14 kwietnia 2026 r<strong>. <\/strong>w sprawie ustalenia Regulaminu Organizacyjnego \u017b\u0142obka Miejskiego Nr 2 w Gorzowie Wielopolskim<a href=\"https:\/\/zlobkigo.hosting24.pl\/dwojka\/wp-content\/uploads\/2026\/04\/03.2026-REGULAMIN-ORGANIZACYJNY-kwiecien-2026.pdf\">03.2026 REGULAMIN ORGANIZACYJNY kwiecie\u0144 2026<\/a><\/p><\/li><li><p>Zarz\u0105dzenia Nr 04\/2026 Dyrektora \u017b\u0142obka Miejskiego Nr 2 w Gorzowie Wielkopolskim z dnia 14 kwietnia 2026 r.\u00a0 w sprawie wprowadzenia zasad rekrutacji dzieci do \u017b\u0142obka Miejskiego Nr 2 oraz powo\u0142ania Komisji Rekrutacyjnej<a href=\"https:\/\/zlobkigo.hosting24.pl\/dwojka\/wp-content\/uploads\/2026\/04\/04.2026-Zarzadzenie-w-sprawie-Regulaminu-Rekrutacji-Zlobek-Miejski-Nr-2-kwiecien-2026.pdf\">04.2026 Zarz\u0105dzenie w sprawie Regulaminu Rekrutacji \u017b\u0142obek Miejski Nr 2 kwiecie\u0144 2026<\/a><\/p><\/li><\/ol><\/li><\/ol><\/li><\/ol><p style=\"text-align: center;\">Informujemy, i\u017c nab\u00f3r podstawowy do \u017c\u0142obk\u00f3w miejskich\u00a0odbywa si\u0119\u00a0z wykorzystaniem systemu elektronicznego.<\/p><p style=\"text-align: center;\">Zainteresowanych\u00a0rodzic\u00f3w zach\u0119camy do zapoznania si\u0119 z ofertami \u017c\u0142obk\u00f3w oraz zasadami rekrutacji na stronie:<\/p><h3 style=\"text-align: center;\"><a role=\"link\" href=\"https:\/\/nabor-kandydat.edukacja.gorzow.pl\/gorzow\/News\">https:\/\/nabor-kandydat.edukacja.gorzow.pl\/gorzow\/News<\/a><\/h3><p style=\"text-align: center;\"><strong>DOKUMENTY PRZYJMOWANE S\u0104 W GABINECIE DYREKTORA LUB INTENDENTA NA I PI\u0118TRZE<\/strong><\/p><p>w nast\u0119puj\u0105cyh dniach i godzinach:<\/p><table><tbody><tr><td width=\"301\"><p><strong>Data <\/strong><\/p><\/td><td width=\"301\"><p><strong>Godziny <\/strong><\/p><\/td><\/tr><tr><td width=\"301\"><p><strong>15.04.2026 r.<\/strong><\/p><\/td><td width=\"301\"><p><strong>9:00-14:00<\/strong><\/p><\/td><\/tr><tr><td width=\"301\"><p><strong>16.04.2026 r.<\/strong><\/p><\/td><td width=\"301\"><p><strong>9:00-14:00<\/strong><\/p><\/td><\/tr><tr><td width=\"301\"><p><strong>17.04.2026 r.<\/strong><\/p><\/td><td width=\"301\"><p><strong>9:00-14:00<\/strong><\/p><\/td><\/tr><tr><td width=\"301\"><p><strong>20.04.2026 r.<\/strong><\/p><\/td><td width=\"301\"><p><strong>9:00-14:00<\/strong><\/p><\/td><\/tr><tr><td width=\"301\"><p><strong>21.04.2026 r.<\/strong><\/p><\/td><td width=\"301\"><p><strong>9:00-14:00<\/strong><\/p><\/td><\/tr><tr><td width=\"301\"><p><strong>22.04.2026 r.<\/strong><\/p><\/td><td width=\"301\"><p><strong>9:00-14:00<\/strong><\/p><\/td><\/tr><tr><td width=\"301\"><p><strong>23.04.2026r.<\/strong><\/p><\/td><td width=\"301\"><p><strong>9:00-14:00<\/strong><\/p><\/td><\/tr><tr><td width=\"301\"><p><strong>24.04.2026 r.<\/strong><\/p><\/td><td width=\"301\"><p><strong>9:00-14:00<\/strong><\/p><\/td><\/tr><tr><td width=\"301\"><p><strong>27.04.2026 r.<\/strong><\/p><\/td><td width=\"301\"><p><strong>9:00-14:00<\/strong><\/p><\/td><\/tr><tr><td width=\"301\"><p><strong>28.04.2026 r.<\/strong><\/p><\/td><td width=\"301\"><p><strong>9:00-14:00<\/strong><\/p><\/td><\/tr><tr><td width=\"301\"><p><strong>29.04.2026 r.<\/strong><\/p><p>30.04.2026 r.<\/p><\/td><td width=\"301\"><p><strong>9:00-14:00<\/strong><\/p><p><strong>9:00-14:00<\/strong><\/p><\/td><\/tr><\/tbody><\/table>\t\t\t\t\t\t\t\t<\/div>\n\t\t\t\t<\/div>\n\t\t\t\t<div class=\"elementor-element elementor-element-1a8a9c5 elementor-widget elementor-widget-spacer\" data-id=\"1a8a9c5\" data-element_type=\"widget\" data-e-type=\"widget\" data-widget_type=\"spacer.default\">\n\t\t\t\t<div class=\"elementor-widget-container\">\n\t\t\t\t\t\t\t<div class=\"elementor-spacer\">\n\t\t\t<div class=\"elementor-spacer-inner\"><\/div>\n\t\t<\/div>\n\t\t\t\t\t\t<\/div>\n\t\t\t\t<\/div>\n\t\t\t\t<div class=\"elementor-element elementor-element-458a8d4 elementor-widget elementor-widget-heading\" data-id=\"458a8d4\" data-element_type=\"widget\" data-e-type=\"widget\" data-widget_type=\"heading.default\">\n\t\t\t\t<div class=\"elementor-widget-container\">\n\t\t\t\t\t<h2 class=\"elementor-heading-title elementor-size-default\">Harmonogram rekrutacji:<\/h2>\t\t\t\t<\/div>\n\t\t\t\t<\/div>\n\t\t\t\t<div class=\"elementor-element elementor-element-a55a709 elementor-widget elementor-widget-html\" data-id=\"a55a709\" data-element_type=\"widget\" data-e-type=\"widget\" data-widget_type=\"html.default\">\n\t\t\t\t<div class=\"elementor-widget-container\">\n\t\t\t\t\t<table border=\"1\" cellspacing=\"1\" cellpadding=\"1\">\r\n  <tbody>\r\n    <tr>\r\n      <td><b>Lp.<\/b><\/td>\r\n      <td><b>Zadanie<\/b><\/td>\r\n      <td><b>Termin<\/b><\/td>\r\n    <\/tr>\r\n    <tr>\r\n      <td>1.<\/td>\r\n      <td>Elektroniczne sk\u0142adanie kart zg\u0142oszenia dziecka do \u017c\u0142obka przez rodzic\u00f3w\/ opiekun\u00f3w prawnych<\/td>\r\n      <td>od 15  do 30 kwietnia danego roku<\/td>\r\n    <\/tr>\r\n    <tr>\r\n      <td>2.<\/td>\r\n      <td>Sk\u0142adanie wersji papierowej kart zg\u0142oszenia dziecka do \u017c\u0142obka przez rodzic\u00f3w\/ opiekun\u00f3w prawnych wraz z dokumentami, potwierdzaj\u0105cymi dan\u0105 sytuacj\u0119<\/td>\r\n      <td>od 15 do 30 kwietnia danego roku<\/td>\r\n    <\/tr>\r\n    <tr>\r\n      <td>3.<\/td>\r\n      <td>Weryfikacja przez Komisje Rekrutacyjn\u0105 kart zg\u0142oszenia i wymaganych dokument\u00f3w oraz wst\u0119pne przyj\u0119cia dzieci do grup<\/td>\r\n      <td>od 01 do 15 maja danego roku<\/td>\r\n    <\/tr>\r\n    <tr>\r\n      <td>4.<\/td>\r\n      <td>Wywieszenie w \u017c\u0142obku nast\u0119puj\u0105cych list dzieci:\u2013 przyj\u0119tych na nowy rok szkolny;\u2013 nieprzyj\u0119tych;\u2013 odrzuconych z przyczyn formalnych.<\/td>\r\n      <td>od 16 do 20 maja danego roku<\/td>\r\n    <\/tr>\r\n    <tr>\r\n      <td>5.<\/td>\r\n      <td>Zebranie z rodzicami<\/td>\r\n      <td>od 21 do 31 maja danego roku (obecno\u015b\u0107 obowi\u0105zkowa)<\/td>\r\n    <\/tr>\r\n    <tr>\r\n      <td>6.<\/td>\r\n      <td>Zawieranie um\u00f3w z rodzicami\/opiekunami prawnymi dzieci przyj\u0119tych do \u017c\u0142obka okre\u015blaj\u0105cych szczeg\u00f3\u0142owe zasady korzystania ze \u017c\u0142obka (niepodpisanie umowy w terminie oznacza rezygnacj\u0119 i skre\u015blenie z listy dzieci przyj\u0119tych).<\/td>\r\n      <td>do 31 maja danego roku<\/td>\r\n    <\/tr>\r\n  <\/tbody>\r\n<\/table>\r\n\t\t\t\t<\/div>\n\t\t\t\t<\/div>\n\t\t\t\t<div class=\"elementor-element elementor-element-a32b59d elementor-widget elementor-widget-spacer\" data-id=\"a32b59d\" data-element_type=\"widget\" data-e-type=\"widget\" data-widget_type=\"spacer.default\">\n\t\t\t\t<div class=\"elementor-widget-container\">\n\t\t\t\t\t\t\t<div class=\"elementor-spacer\">\n\t\t\t<div class=\"elementor-spacer-inner\"><\/div>\n\t\t<\/div>\n\t\t\t\t\t\t<\/div>\n\t\t\t\t<\/div>\n\t\t\t\t<div class=\"elementor-element elementor-element-208b073 elementor-widget elementor-widget-heading\" data-id=\"208b073\" data-element_type=\"widget\" data-e-type=\"widget\" data-widget_type=\"heading.default\">\n\t\t\t\t<div class=\"elementor-widget-container\">\n\t\t\t\t\t<h2 class=\"elementor-heading-title elementor-size-default\">Wykaz kryteri\u00f3w, punkt\u00f3w rekrutacyjnych oraz dokument\u00f3w potwierdzaj\u0105cych dan\u0105 sytuacj\u0105:<\/h2>\t\t\t\t<\/div>\n\t\t\t\t<\/div>\n\t\t\t\t<div class=\"elementor-element elementor-element-67b3f5b elementor-widget elementor-widget-html\" data-id=\"67b3f5b\" data-element_type=\"widget\" data-e-type=\"widget\" data-widget_type=\"html.default\">\n\t\t\t\t<div class=\"elementor-widget-container\">\n\t\t\t\t\t<table border=\"1\" cellspacing=\"1\" cellpadding=\"1\">\r\n  <tbody>\r\n    <tr>\r\n      <td><b>Lp.<\/b><\/td>\r\n      <td><b>Kryteria<\/b><\/td>\r\n      <td><b>Warto\u015b\u0107 punktowa<\/b><\/td>\r\n      <td><b>Dokumenty potwierdzaj\u0105c\u0105 dan\u0105 sytuacj\u0119<\/b><\/td>\r\n    <\/tr>\r\n    <tr>\r\n      <td>1.<\/td>\r\n      <td>Wielodzietno\u015b\u0107 rodziny dziecka<\/td>\r\n      <td>3 dzieci \u2013 20 pkt, ka\u017cde kolejne dziecko po 5 pkt<\/td>\r\n      <td>O\u015bwiadczenie o wielodzietno\u015bci rodziny dziecka<\/td>\r\n    <\/tr>\r\n    <tr>\r\n      <td>2.<\/td>\r\n      <td>Niepe\u0142nosprawno\u015b\u0107 dziecka <\/td>\r\n      <td>dziecko \u2013 20 pkt<\/td>\r\n      <td>O\u015bwiadczenie o niepe\u0142nosprawno\u015bci dziecka poni\u017cej 16 roku potwerdzone orzeczeniem<\/td>\r\n    <\/tr>\r\n    <tr>\r\n      <td>3.<\/td>\r\n      <td>Posiadanie aktualnej Gorzowskiej Karty Mieszka\u0144ca lub lub Karty Miejskiej Gorz\u00f3w #St\u0105d Jestem <\/td>\r\n      <td>Jeden rodzic \u2013 20 pkt;Obydwoje rodzic\u00f3w \u2013 40 pkt; Samotne wychowywanie dziecka \u2013 30 pkt<\/td>\r\n      <td>O\u015bwiadczenie \r\no posiadaniu Gorzowskiej Karty Mieszka\u0144ca lub Karty Miejskiej Gorz\u00f3w #St\u0105d Jestem przez rodzica\/rodzic\u00f3w .<\/td>\r\n    <\/tr>\r\n    <tr>\r\n      <td>4.<\/td>\r\n      <td>Samotne wychowanie dziecka w rodzinie<\/td>\r\n      <td>10 pkt<\/td>\r\n      <td>O\u015bwiadczenie o samotnym wychowaniu dziecka oraz niewychowywaniu \u017cadnego dziecka wsp\u00f3lnie z jego rodzicem<\/td>\r\n    <\/tr>\r\n    <tr>\r\n      <td>5.<\/td>\r\n      <td>Jeden rodzic\/Obydwoje rodzic\u00f3w\/Samotny rodzic pracuj\u0105cy w pe\u0142nym wymiarze lub ucz\u0105cy si\u0119 w systemie dziennym, b\u0105d\u017a prowadzi\/\u0105 dzia\u0142alno\u015b\u0107 roln\u0105\/gospodarcz\u0105<\/td>\r\n      <td>Jeden rodzic \u2013 4 pkt \r\nObydwoje rodzic\u00f3w \u2013 8 pkt \r\nSamotny rodzic \u2013 8 pkt <\/td>\r\n      <td>O\u015bwiadczenie \r\no zatrudnieniu\/ samozatrudnieniu\/uczeniu si\u0119 w systemie dziennym <\/td>\r\n    <\/tr>\r\n    <tr>\r\n      <td>6.<\/td>\r\n      <td>Piecza zast\u0119pcza<\/td>\r\n      <td>5 pkt<\/td>\r\n      <td>O\u015bwiadczenie o przebywaniu dziecka w pieczy zast\u0119pczej<\/td>\r\n    <\/tr>\r\n    <tr>\r\n      <td>7.<\/td>\r\n      <td>Dziecko, kt\u00f3rego rodze\u0144stwo aktualnie ucz\u0119szcza do danej plac\u00f3wki lub zg\u0142oszenie w aktualnym naborze jednocze\u015bnie dwojga lub wi\u0119cej dzieci<\/td>\r\n      <td>Rodze\u0144stwo \u2013 5 pkt; Ka\u017cde kolejne dziecko \u2013 2 pkt.<\/td>\r\n      <td>O\u015bwiadczenie o ucz\u0119szczaniu rodze\u0144stwa do danej plac\u00f3wki<\/td>\r\n    <\/tr>\r\n    <tr>\r\n      <td>8.<\/td>\r\n      <td>Dziecko, kt\u00f3rego dotyczy wniosek poddane zosta\u0142o obowi\u0105zkowym szczepieniom ochronnym lub kt\u00f3re ze wzgl\u0119d\u00f3w zdrowotnych stwierdzonych przez lekarza nie mo\u017ce zosta\u0107 zaszczepione, zgodnie z rozporz\u0105dzeniem Ministra Zdrowia z dnia 27 wrzesnia 2023r. w sprawie obowi\u0105zkowych szczepie\u0144<\/td>\r\n      <td>30 pkt<\/td>\r\n      <td>O\u015bwiadczenie rodzica, \u017ce dziecko zosta\u0142o poddane obowi\u0105zkowym szczepieniom ochronnym okre\u015blonym w rozporz\u0105dzeniu Ministra Zdrowia lub zosta\u0142o z tego obowi\u0105zku zwolnione z przyczyn zdrowotnych.<\/td>\r\n    <\/tr>\r\n  <\/tbody>\r\n<\/table>\r\n\t\t\t\t<\/div>\n\t\t\t\t<\/div>\n\t\t\t\t<div class=\"elementor-element elementor-element-33d578b elementor-widget elementor-widget-text-editor\" data-id=\"33d578b\" data-element_type=\"widget\" data-e-type=\"widget\" data-widget_type=\"text-editor.default\">\n\t\t\t\t<div class=\"elementor-widget-container\">\n\t\t\t\t\t\t\t\t\t<h1>NAB\u00d3R UZUPE\u0141NIAJ\u0104CY\u00a0<\/h1><p>Zgodnie z Uchwa\u0142\u0105 Nr XXXI\/575\/2026 Rady Miasta Gorzowa Wielkopolskiego z dnia 24 marca 2026r. w sprawie nadania statutu \u017b\u0142obkowi Miejskiemu Nr 2 w Gorzowie Wielkopolskim (Dz. Urz. Woj. Lubuskiego z 2026 roku, poz. 696)<strong>\u00a0<\/strong>w \u017c\u0142obkach miejskich funkcjonuje <strong>NAB\u00d3R UZUPE\u0141NIAJ\u0104CY CI\u0104G\u0141Y.<\/strong><\/p><p>Nab\u00f3r uzupe\u0142niaj\u0105cy ci\u0105g\u0142y odbywa\u0107 si\u0119 b\u0119dzie przez ca\u0142y rok kalendarzowy <strong>w miar\u0119 posiadanych wolnych miejsc w \u017c\u0142obku.<\/strong><\/p><p>W ramach naboru uzupe\u0142niaj\u0105cego ci\u0105g\u0142ego rodzice\/opiekunowie prawni dzieci sk\u0142adaj\u0105 nast\u0119puj\u0105ce dokumenty:<\/p><ul><li><strong>Kart\u0119 zg\u0142oszenia dziecka do \u017c\u0142obka w wersji papierowej do \u017c\u0142obka.<\/strong><\/li><\/ul><p>Karta do pobrania <a href=\"https:\/\/zlobkigo.hosting24.pl\/dwojka\/wp-content\/uploads\/2026\/04\/zal.-1-karta-zgloszenia-dziecka-do-zlobka-kwiecien-2026.pdf\">za\u0142. 1 karta zg\u0142oszenia dziecka do \u017c\u0142obka kwiecie\u0144 2026<\/a><\/p><ul><li><strong>O\u015bwiadczenia potwierdzaj\u0105ce spe\u0142nienie kryteri\u00f3w rekrutacyjnych<\/strong><\/li><\/ul><p>O\u015bwiadczenia do pobrania <a href=\"https:\/\/zlobkigo.hosting24.pl\/dwojka\/wp-content\/uploads\/2026\/04\/zal.-2-Oswiadczenia-sytuacja-kandydata-kwiecien-2026.pdf\">za\u0142. 2 O\u015bwiadczenia sytuacja kandydata kwiecie\u0144 2026<\/a><\/p><p><u>Karty zg\u0142oszenia dziecka do \u017c\u0142obka z\u0142o\u017cone w naborze uzupe\u0142niaj\u0105cym ci\u0105g\u0142ym b\u0119d\u0105 rozpatrywane po wyczerpaniu listy rezerwowej z naboru podstawowego.<\/u><\/p>\t\t\t\t\t\t\t\t<\/div>\n\t\t\t\t<\/div>\n\t\t\t\t\t<\/div>\n\t\t\t\t<\/div>\n\t\t\t\t<\/div>\n\t\t","protected":false},"excerpt":{"rendered":"<p>\u00a0 Nab\u00f3r podstawowy E-nab\u00f3r do \u017c\u0142obk\u00f3w miejskich Rekrutacja do \u017c\u0142obk\u00f3w miejskich w ramach naboru podstawowego odbywa si\u0119 od 15 do 30 kwietnia ka\u017cdego roku Do \u017c\u0142obka przyjmowane s\u0105 dzieci: od [&hellip;]<\/p>\n","protected":false},"author":4,"featured_media":0,"parent":0,"menu_order":0,"comment_status":"closed","ping_status":"closed","template":"","meta":{"footnotes":""},"class_list":["post-2344","page","type-page","status-publish","hentry","clearfix"],"_links":{"self":[{"href":"https:\/\/zlobkigo.hosting24.pl\/dwojka\/wp-json\/wp\/v2\/pages\/2344","targetHints":{"allow":["GET"]}}],"collection":[{"href":"https:\/\/zlobkigo.hosting24.pl\/dwojka\/wp-json\/wp\/v2\/pages"}],"about":[{"href":"https:\/\/zlobkigo.hosting24.pl\/dwojka\/wp-json\/wp\/v2\/types\/page"}],"author":[{"embeddable":true,"href":"https:\/\/zlobkigo.hosting24.pl\/dwojka\/wp-json\/wp\/v2\/users\/4"}],"replies":[{"embeddable":true,"href":"https:\/\/zlobkigo.hosting24.pl\/dwojka\/wp-json\/wp\/v2\/comments?post=2344"}],"version-history":[{"count":110,"href":"https:\/\/zlobkigo.hosting24.pl\/dwojka\/wp-json\/wp\/v2\/pages\/2344\/revisions"}],"predecessor-version":[{"id":44859,"href":"https:\/\/zlobkigo.hosting24.pl\/dwojka\/wp-json\/wp\/v2\/pages\/2344\/revisions\/44859"}],"wp:attachment":[{"href":"https:\/\/zlobkigo.hosting24.pl\/dwojka\/wp-json\/wp\/v2\/media?parent=2344"}],"curies":[{"name":"wp","href":"https:\/\/api.w.org\/{rel}","templated":true}]}}