{"id":2443,"date":"2024-02-27T22:20:57","date_gmt":"2024-02-27T21:20:57","guid":{"rendered":"https:\/\/zlobkigo.hosting24.pl\/dwojka\/?page_id=2443"},"modified":"2024-10-17T14:19:19","modified_gmt":"2024-10-17T12:19:19","slug":"deklaracja-dostepnosci","status":"publish","type":"page","link":"https:\/\/zlobkigo.hosting24.pl\/dwojka\/deklaracja-dostepnosci\/","title":{"rendered":"Deklaracja dost\u0119pno\u015bci"},"content":{"rendered":"\t\t<div data-elementor-type=\"wp-page\" data-elementor-id=\"2443\" class=\"elementor elementor-2443\" data-elementor-post-type=\"page\">\n\t\t\t\t<div class=\"elementor-element elementor-element-3fa9cd2 e-flex e-con-boxed e-con e-parent\" data-id=\"3fa9cd2\" data-element_type=\"container\" data-e-type=\"container\">\n\t\t\t\t\t<div class=\"e-con-inner\">\n\t\t\t\t<div class=\"elementor-element elementor-element-530c211 elementor-widget elementor-widget-text-editor\" data-id=\"530c211\" data-element_type=\"widget\" data-e-type=\"widget\" data-widget_type=\"text-editor.default\">\n\t\t\t\t<div class=\"elementor-widget-container\">\n\t\t\t\t\t\t\t\t\t<p style=\"text-align: center;\"><strong>Deklaracja dost\u0119pno\u015bci serwisu WWW \u017b\u0142obka Miejskiego Nr 2 w Gorzowie Wlkp..<\/strong><\/p><p id=\"a11y-wstep\">\u017b\u0142obek Miejski Nr 2 w Gorzowie Wlkp.<br \/>zobowi\u0105zuje si\u0119 zapewni\u0107 dost\u0119pno\u015b\u0107 swojej strony internetowej zgodnie<br \/>z przepisami ustawy z dnia 4\u00a0kwietnia 2019\u00a0r.<br \/>o\u00a0dost\u0119pno\u015bci cyfrowej stron internetowych i\u00a0aplikacji<br \/>mobilnych podmiot\u00f3w publicznych. O\u015bwiadczenie w sprawie dost\u0119pno\u015bci ma<br \/>zastosowanie do strony internetowej https:\/\/zlobkigo.hosting24.pl\/dwojka\/<\/p><ul><li>\u00a0 \u00a0Data publikacji strony internetowej: 2011-07-15<\/li><li>\u00a0 \u00a0Data ostatniej istotnej aktualizacji: <time id=\"a11y-data-aktualizacja\" datetime=\"2016-12-19\">2024-03-25<\/time><\/li><\/ul>\t\t\t\t\t\t\t\t<\/div>\n\t\t\t\t<\/div>\n\t\t\t\t\t<\/div>\n\t\t\t\t<\/div>\n\t\t<div class=\"elementor-element elementor-element-c4fca59 e-flex e-con-boxed e-con e-parent\" data-id=\"c4fca59\" data-element_type=\"container\" data-e-type=\"container\">\n\t\t\t\t\t<div class=\"e-con-inner\">\n\t\t\t\t<div class=\"elementor-element elementor-element-6bb18fe elementor-widget elementor-widget-text-editor\" data-id=\"6bb18fe\" data-element_type=\"widget\" data-e-type=\"widget\" data-widget_type=\"text-editor.default\">\n\t\t\t\t<div class=\"elementor-widget-container\">\n\t\t\t\t\t\t\t\t\t<p style=\"text-align: center;\"><strong>Status pod wzgl\u0119dem zgodno\u015bci z ustaw\u0105<\/strong><\/p><p id=\"a11y-wstep\">Strona internetowa jest\u00a0<strong id=\"a11y-status\">cz\u0119\u015bciowo zgodna<\/strong><br \/>z\u00a0ustaw\u0105 o\u00a0dost\u0119pno\u015bci cyfrowej stron internetowych<br \/>i\u00a0aplikacji mobilnych podmiot\u00f3w publicznych z\u00a0powodu<br \/>niezgodno\u015bci lub wy\u0142\u0105cze\u0144 wymienionych poni\u017cej.<\/p>\t\t\t\t\t\t\t\t<\/div>\n\t\t\t\t<\/div>\n\t\t\t\t\t<\/div>\n\t\t\t\t<\/div>\n\t\t<div class=\"elementor-element elementor-element-159a15f e-flex e-con-boxed e-con e-parent\" data-id=\"159a15f\" data-element_type=\"container\" data-e-type=\"container\">\n\t\t\t\t\t<div class=\"e-con-inner\">\n\t\t\t\t<div class=\"elementor-element elementor-element-26f69d6 elementor-widget elementor-widget-text-editor\" data-id=\"26f69d6\" data-element_type=\"widget\" data-e-type=\"widget\" data-widget_type=\"text-editor.default\">\n\t\t\t\t<div class=\"elementor-widget-container\">\n\t\t\t\t\t\t\t\t\t<p style=\"text-align: center;\"><strong>Tre\u015bci niedost\u0119pne<\/strong><\/p><ul><li>\u00a0 \u00a0filmy, materia\u0142y multimedialne nie posiadaj\u0105 audiodeskrypcji , napis\u00f3w dla os\u00f3b g\u0142uchych,<\/li><li>\u00a0 \u00a0cz\u0119\u015b\u0107 plik\u00f3w nie jest dost\u0119pnych cyfrowo,<\/li><li>\u00a0 \u00a0brak opis\u00f3w alternatywnych i tytu\u0142\u00f3w dla cz\u0119\u015bci zdj\u0119\u0107 i obrazk\u00f3w,<\/li><li>\u00a0 \u00a0cz\u0119\u015b\u0107 dokument\u00f3w PDF posiada b\u0142\u0119dy w warstwie tekstowej (po skanowaniu\/OCR),<\/li><li>\u00a0 \u00a0dokumenty PDF nie s\u0105 poprawnie odczytywane przez programy dla os\u00f3b<br \/>niewidz\u0105cych (np. nieprawid\u0142owo przygotowane tabele, wykresy, obrazki,<br \/>brak sekcji nawigacyjnych, tytu\u0142u itp.).<\/li><\/ul>\t\t\t\t\t\t\t\t<\/div>\n\t\t\t\t<\/div>\n\t\t\t\t\t<\/div>\n\t\t\t\t<\/div>\n\t\t<div class=\"elementor-element elementor-element-08e4b25 e-flex e-con-boxed e-con e-parent\" data-id=\"08e4b25\" data-element_type=\"container\" data-e-type=\"container\">\n\t\t\t\t\t<div class=\"e-con-inner\">\n\t\t\t\t<div class=\"elementor-element elementor-element-4b09968 elementor-widget elementor-widget-text-editor\" data-id=\"4b09968\" data-element_type=\"widget\" data-e-type=\"widget\" data-widget_type=\"text-editor.default\">\n\t\t\t\t<div class=\"elementor-widget-container\">\n\t\t\t\t\t\t\t\t\t<p style=\"text-align: center;\"><strong>Wy\u0142\u0105czenia<\/strong><\/p><ul><li>\u00a0 \u00a0mapy s\u0105 wy\u0142\u0105czone z obowi\u0105zku zapewniania dost\u0119pno\u015bci,<\/li><li>\u00a0 \u00a0filmy zosta\u0142y opublikowane przed wej\u015bciem w \u017cycie ustawy o<br \/>dost\u0119pno\u015bci cyfrowej, poprawienie dost\u0119pno\u015bci strony nios\u0142oby za sob\u0105<br \/>nadmierne obci\u0105\u017cenia dla podmiotu publicznego.<\/li><\/ul>\t\t\t\t\t\t\t\t<\/div>\n\t\t\t\t<\/div>\n\t\t\t\t\t<\/div>\n\t\t\t\t<\/div>\n\t\t<div class=\"elementor-element elementor-element-8d44dbe e-flex e-con-boxed e-con e-parent\" data-id=\"8d44dbe\" data-element_type=\"container\" data-e-type=\"container\">\n\t\t\t\t\t<div class=\"e-con-inner\">\n\t\t\t\t<div class=\"elementor-element elementor-element-93c3805 elementor-widget elementor-widget-text-editor\" data-id=\"93c3805\" data-element_type=\"widget\" data-e-type=\"widget\" data-widget_type=\"text-editor.default\">\n\t\t\t\t<div class=\"elementor-widget-container\">\n\t\t\t\t\t\t\t\t\t<p style=\"text-align: center;\"><strong>Przygotowanie deklaracji w sprawie dost\u0119pno\u015bci<\/strong><\/p><ul><li>\u00a0 \u00a0Deklaracj\u0119 sporz\u0105dzono dnia: <time id=\"a11y-data-sporzadzenie\" datetime=\"2020-03-31\">2020-03-31<\/time><\/li><li>\u00a0 \u00a0Deklaracj\u0119 zosta\u0142a ostatnio poddana przegl\u0105dowi i aktualizacji dnia: 2021-01-31<\/li><\/ul><p>Deklaracj\u0119 sporz\u0105dzono na podstawie samooceny.<\/p>\t\t\t\t\t\t\t\t<\/div>\n\t\t\t\t<\/div>\n\t\t\t\t\t<\/div>\n\t\t\t\t<\/div>\n\t\t<div class=\"elementor-element elementor-element-cf34803 e-flex e-con-boxed e-con e-parent\" data-id=\"cf34803\" data-element_type=\"container\" data-e-type=\"container\">\n\t\t\t\t\t<div class=\"e-con-inner\">\n\t\t\t\t<div class=\"elementor-element elementor-element-1d25092 elementor-widget elementor-widget-text-editor\" data-id=\"1d25092\" data-element_type=\"widget\" data-e-type=\"widget\" data-widget_type=\"text-editor.default\">\n\t\t\t\t<div class=\"elementor-widget-container\">\n\t\t\t\t\t\t\t\t\t<p style=\"text-align: center;\"><strong>Informacje zwrotne i dane kontaktowe<\/strong><\/p><ul><li>\u00a0 \u00a0Za rozpatrywanie uwag i wniosk\u00f3w odpowiada: Katarzyna \u0141uczak<\/li><li>\u00a0 \u00a0E-mail: zm2@interia.pl<\/li><li>\u00a0 \u00a0Telefon: 506 641 625<\/li><\/ul><p id=\"a11y-procedura\">Ka\u017cdy ma prawo:<\/p><ul><li>\u00a0 \u00a0zg\u0142osi\u0107 uwagi dotycz\u0105ce dost\u0119pno\u015bci cyfrowej strony lub jej elementu,<\/li><li>\u00a0 \u00a0zg\u0142osi\u0107 \u017c\u0105danie zapewnienia dost\u0119pno\u015bci cyfrowej strony lub jej elementu,<\/li><li>\u00a0 \u00a0wnioskowa\u0107 o udost\u0119pnienie niedost\u0119pnej informacji w innej alternatywnej formie.<\/li><\/ul><p>\u017b\u0105danie musi zawiera\u0107:<\/p><ul><li>\u00a0 \u00a0dane kontaktowe osoby zg\u0142aszaj\u0105cej,<\/li><li>\u00a0 \u00a0wskazanie strony lub elementu strony, kt\u00f3rej dotyczy \u017c\u0105danie,<\/li><li>\u00a0 \u00a0wskazanie<br \/>dogodnej formy udost\u0119pnienia informacji, je\u015bli \u017c\u0105danie dotyczy<br \/>udost\u0119pnienia w formie alternatywnej informacji niedost\u0119pnej.<\/li><\/ul><p>Rozpatrzenie zg\u0142oszenia powinno nast\u0105pi\u0107 niezw\u0142ocznie, najp\u00f3\u017aniej w<br \/>ci\u0105gu 7 dni. Je\u015bli w tym terminie zapewnienie dost\u0119pno\u015bci albo<br \/>zapewnienie dost\u0119pu w alternatywnej formie nie jest mo\u017cliwe, powinno<br \/>nast\u0105pi\u0107 najdalej w ci\u0105gu 2 miesi\u0119cy od daty zg\u0142oszenia.<\/p>\t\t\t\t\t\t\t\t<\/div>\n\t\t\t\t<\/div>\n\t\t\t\t\t<\/div>\n\t\t\t\t<\/div>\n\t\t<div class=\"elementor-element elementor-element-41e52f9 e-flex e-con-boxed e-con e-parent\" data-id=\"41e52f9\" data-element_type=\"container\" data-e-type=\"container\">\n\t\t\t\t\t<div class=\"e-con-inner\">\n\t\t\t\t<div class=\"elementor-element elementor-element-e02db46 elementor-widget elementor-widget-text-editor\" data-id=\"e02db46\" data-element_type=\"widget\" data-e-type=\"widget\" data-widget_type=\"text-editor.default\">\n\t\t\t\t<div class=\"elementor-widget-container\">\n\t\t\t\t\t\t\t\t\t<p style=\"text-align: center;\"><strong>Skargi i odwo\u0142ania<\/strong><\/p><p>Na niedotrzymanie tych termin\u00f3w oraz na odmow\u0119 realizacji \u017c\u0105dania<br \/>mo\u017cna z\u0142o\u017cy\u0107 skarg\u0119 do organu nadzoruj\u0105cego poczt\u0105 lub drog\u0105<br \/>elektroniczn\u0105 na adres:<\/p><ul><li>\u00a0 \u00a0Organ nadzoruj\u0105cy: Dyrektor \u017b\u0142obka<\/li><li>\u00a0 \u00a0Adres: \u017b\u0142obek Miejski Nr 2 w Gorzowie Wlkp., ul. Obotrycka 1, 66-400 Gorz\u00f3w Wlkp.<\/li><li>\u00a0 \u00a0E-mail: zm2@interia.pl<\/li><li>\u00a0 \u00a0Telefon: 506 641 625<\/li><\/ul><p>Skarg\u0119 mo\u017cna z\u0142o\u017cy\u0107 r\u00f3wnie\u017c do\u00a0<a role=\"link\" href=\"https:\/\/www.rpo.gov.pl\/content\/jak-zglosic-sie-do-rzecznika-praw-obywatelskich\">Rzecznika Praw Obywatelskich<\/a>.<\/p>\t\t\t\t\t\t\t\t<\/div>\n\t\t\t\t<\/div>\n\t\t\t\t\t<\/div>\n\t\t\t\t<\/div>\n\t\t<div class=\"elementor-element elementor-element-6bcaa97 e-flex e-con-boxed e-con e-parent\" data-id=\"6bcaa97\" data-element_type=\"container\" data-e-type=\"container\">\n\t\t\t\t\t<div class=\"e-con-inner\">\n\t\t\t\t<div class=\"elementor-element elementor-element-86fcffb elementor-widget elementor-widget-text-editor\" data-id=\"86fcffb\" data-element_type=\"widget\" data-e-type=\"widget\" data-widget_type=\"text-editor.default\">\n\t\t\t\t<div class=\"elementor-widget-container\">\n\t\t\t\t\t\t\t\t\t<p style=\"text-align: center;\"><strong>Dost\u0119pno\u015b\u0107 architektoniczna<\/strong><\/p><ul><li>\u00a0 \u00a0Do budynku prowadzi jedno wej\u015bcie od ul. Obotryckiej.<\/li><li>\u00a0\u00a0 Przed budynkiem brak wyznaczonych miejsc parkingowych dla os\u00f3b niepe\u0142nosprawnych.<\/li><li>\u00a0 \u00a0Budynek dwupoziomowy, cz\u0119\u015bciowo przystosowany dla os\u00f3b niepe\u0142nosprawnych.<\/li><li>\u00a0\u00a0 Wej\u015bcie do budynku przez bramk\u0119 i drzwi g\u0142\u00f3wne z podjazdem dla os\u00f3b niepe\u0142nosprawnych.<\/li><li>\u00a0\u00a0 Wej\u015bcie nie jest zabezpieczone bramkami.<\/li><li>\u00a0 \u00a0Nad wej\u015bciem nie ma g\u0142o\u015bnik\u00f3w systemu naprowadzaj\u0105cego d\u017awi\u0119kowo osoby niewidome i s\u0142abowidz\u0105ce.<\/li><li>\u00a0 \u00a0Przy wej\u015bciu do budynku umieszczony jest dzwonek przywo\u0142awczy.<\/li><li>\u00a0 \u00a0W budynku nie ma windy.<\/li><li>\u00a0 \u00a0Brak toalet dla os\u00f3b niepe\u0142nosprawnych.<\/li><li>\u00a0\u00a0 W budynku nie ma oznacze\u0144 w alfabecie brajla ani oznacze\u0144 kontrastowych lub w druku powi\u0119kszonym dla os\u00f3b niewidomych i s\u0142abowidz\u0105cych.<\/li><li>\u00a0 \u00a0Do budynku i wszystkich jego pomieszcze\u0144 mo\u017cna wej\u015b\u0107 z psem asystuj\u0105cym i psem przewodnikiem.<\/li><li>\u00a0 \u00a0Mo\u017cna skorzysta\u0107 z pomocy osoby przybranej tj. osoby, kt\u00f3ra uko\u0144czy\u0142a 16 lat i zosta\u0142a wybrana przez osob\u0119 zainteresowan\u0105 w celu u\u0142atwienia porozumienia z ni\u0105 i udzielenia jej pomocy w za\u0142atwieniu spraw.<\/li><li>\u00a0\u00a0 Osoba zainteresowana za\u0142atwieniem sprawy urz\u0119dowej przy pomocy t\u0142umacza j\u0119zyka migowego powinna zg\u0142osi\u0107 ten fakt co najmniej na 3 dni robocze przed planowanym terminem jej za\u0142atwienia (z wy\u0142\u0105czeniem sytuacji nag\u0142ych).<\/li><li>\u00a0 \u00a0W budynku nie ma oznacze\u0144 w alfabecie brajla ani oznacze\u0144 kontrastowych lub w druku powi\u0119kszonym dla os\u00f3b niewidomych i s\u0142abowidz\u0105cych.<\/li><li>\u00a0\u00a0 W zg\u0142oszeniu nale\u017cy poda\u0107 zwi\u0119z\u0142y opis sprawy oraz wskaza\u0107 metod\u0119 komunikowania si\u0119:<br \/>\u2013 PJM (polski j\u0119zyk migowy),<br \/>\u2013 SJM (system j\u0119zykowo-migowy),<br \/>\u2013 SKOGN (spos\u00f3b komunikowania si\u0119 os\u00f3b g\u0142uchoniemych).<\/li><li>\u00a0 \u00a0Zg\u0142oszenie winno by\u0107 dokonane za pomoc\u0105 dost\u0119pnych \u015brodk\u00f3w komunikacji na podany powy\u017cej adres, numer telefonu, faksu lub e-mail.<\/li><\/ul>\t\t\t\t\t\t\t\t<\/div>\n\t\t\t\t<\/div>\n\t\t\t\t\t<\/div>\n\t\t\t\t<\/div>\n\t\t<div class=\"elementor-element elementor-element-c951553 e-flex e-con-boxed e-con e-parent\" data-id=\"c951553\" data-element_type=\"container\" data-e-type=\"container\">\n\t\t\t\t\t<div class=\"e-con-inner\">\n\t\t\t\t<div class=\"elementor-element elementor-element-ea8903e elementor-widget elementor-widget-text-editor\" data-id=\"ea8903e\" data-element_type=\"widget\" data-e-type=\"widget\" data-widget_type=\"text-editor.default\">\n\t\t\t\t<div class=\"elementor-widget-container\">\n\t\t\t\t\t\t\t\t\t<p style=\"text-align: center;\"><strong>Informacje dodatkowe i inne o\u015bwiadczenia<\/strong><\/p><p>Przeprowadzono standardowe testy zgodno\u015bci standardami W3C i WCAG.<br \/>Serwis w znacznym stopniu spe\u0142nia wytyczne techniczne zwi\u0105zane z dost\u0119pno\u015bci\u0105.<br \/>Staramy si\u0119 sukcesywnie eliminowa\u0107 wszystkie b\u0142\u0119dy sk\u0142adowe, aby serwis dobrze spe\u0142nia\u0142 wytyczne zwi\u0105zane z dost\u0119pno\u015bci\u0105.<\/p><p>Dost\u0119pne w serwisie skr\u00f3ty klawiaturowe (accesskey):<\/p><ul><li>\u00a0 \u00a0[u] \u2013 Szybki przeskok do bloku: ustawienia dost\u0119pno\u015bci,<\/li><li>\u00a0 \u00a0[m] \u2013 Szybki przeskok do bloku: menu g\u0142\u00f3wne,<\/li><li>\u00a0 \u00a0[t] \u2013 Szybki przeskok do bloku: g\u0142\u00f3wny obszar tre\u015bci,<\/li><li>\u00a0 \u00a0[s] \u2013 Szybki przeskok do bloku: wyszukiwarka,<\/li><li>\u00a0 \u00a0[l] \u2013 Szybki przeskok do bloku: menu g\u0142\u00f3wne\/lewe.<\/li><\/ul><p>Wywo\u0142ywanie skr\u00f3t\u00f3w klawiaturowych w najpopularniejszych wersjach przegl\u0105darek internetowych:<\/p><ul><li>\u00a0 \u00a0Google Chrome v 80.X lewy ALT + [litera_skr\u00f3tu],<\/li><li>\u00a0 \u00a0Mozilla Firefox v 74.X lewy SHIFT + lewy ALT + [litera_skr\u00f3tu],<\/li><li>\u00a0 \u00a0Internet Explorer v 11.X lewy ALT + [litera_skr\u00f3tu],<\/li><li>\u00a0 \u00a0Opera 67.X lewy ALT + [litera_skr\u00f3tu],<\/li><\/ul>\t\t\t\t\t\t\t\t<\/div>\n\t\t\t\t<\/div>\n\t\t\t\t\t<\/div>\n\t\t\t\t<\/div>\n\t\t\t\t<\/div>\n\t\t","protected":false},"excerpt":{"rendered":"<p>Deklaracja dost\u0119pno\u015bci serwisu WWW \u017b\u0142obka Miejskiego Nr 2 w Gorzowie Wlkp.. \u017b\u0142obek Miejski Nr 2 w Gorzowie Wlkp.zobowi\u0105zuje si\u0119 zapewni\u0107 dost\u0119pno\u015b\u0107 swojej strony internetowej zgodniez przepisami ustawy z dnia 4\u00a0kwietnia [&hellip;]<\/p>\n","protected":false},"author":4,"featured_media":0,"parent":0,"menu_order":0,"comment_status":"closed","ping_status":"closed","template":"","meta":{"footnotes":""},"class_list":["post-2443","page","type-page","status-publish","hentry","clearfix"],"_links":{"self":[{"href":"https:\/\/zlobkigo.hosting24.pl\/dwojka\/wp-json\/wp\/v2\/pages\/2443","targetHints":{"allow":["GET"]}}],"collection":[{"href":"https:\/\/zlobkigo.hosting24.pl\/dwojka\/wp-json\/wp\/v2\/pages"}],"about":[{"href":"https:\/\/zlobkigo.hosting24.pl\/dwojka\/wp-json\/wp\/v2\/types\/page"}],"author":[{"embeddable":true,"href":"https:\/\/zlobkigo.hosting24.pl\/dwojka\/wp-json\/wp\/v2\/users\/4"}],"replies":[{"embeddable":true,"href":"https:\/\/zlobkigo.hosting24.pl\/dwojka\/wp-json\/wp\/v2\/comments?post=2443"}],"version-history":[{"count":13,"href":"https:\/\/zlobkigo.hosting24.pl\/dwojka\/wp-json\/wp\/v2\/pages\/2443\/revisions"}],"predecessor-version":[{"id":39580,"href":"https:\/\/zlobkigo.hosting24.pl\/dwojka\/wp-json\/wp\/v2\/pages\/2443\/revisions\/39580"}],"wp:attachment":[{"href":"https:\/\/zlobkigo.hosting24.pl\/dwojka\/wp-json\/wp\/v2\/media?parent=2443"}],"curies":[{"name":"wp","href":"https:\/\/api.w.org\/{rel}","templated":true}]}}