{"id":39034,"date":"2024-09-30T08:22:36","date_gmt":"2024-09-30T06:22:36","guid":{"rendered":"https:\/\/zlobkigo.hosting24.pl\/dwojka\/?page_id=39034"},"modified":"2024-09-30T08:24:42","modified_gmt":"2024-09-30T06:24:42","slug":"2024-2025-motylki","status":"publish","type":"page","link":"https:\/\/zlobkigo.hosting24.pl\/dwojka\/2024-2025-motylki\/","title":{"rendered":"2024\/2025 Motylki"},"content":{"rendered":"<p>Pierwsze tygodnie w \u017c\u0142obku s\u0105 dla maluszk\u00f3w bardzo ci\u0119\u017ckie. Rozstanie z rodzicami i przystosowanie si\u0119 do naszych warunk\u00f3w<br> <a href=\"https:\/\/zlobkigo.hosting24.pl\/dwojka\/2024\/10\/17\/adaptacja\/\" class=\"read-more\">CZYTAJ WI\u0118CEJ \u00bb <\/a><\/p>","protected":false},"excerpt":{"rendered":"<p>Pierwsze tygodnie w \u017c\u0142obku s\u0105 dla maluszk\u00f3w bardzo ci\u0119\u017ckie. Rozstanie z rodzicami i przystosowanie si\u0119 do naszych warunk\u00f3w<br> <a href=\"https:\/\/zlobkigo.hosting24.pl\/dwojka\/2024\/10\/17\/adaptacja\/\" class=\"read-more\">CZYTAJ WI\u0118CEJ \u00bb <\/a><\/p>","protected":false},"author":4,"featured_media":0,"parent":0,"menu_order":0,"comment_status":"closed","ping_status":"closed","template":"","meta":{"footnotes":""},"class_list":["post-39034","page","type-page","status-publish","hentry","clearfix"],"_links":{"self":[{"href":"https:\/\/zlobkigo.hosting24.pl\/dwojka\/wp-json\/wp\/v2\/pages\/39034","targetHints":{"allow":["GET"]}}],"collection":[{"href":"https:\/\/zlobkigo.hosting24.pl\/dwojka\/wp-json\/wp\/v2\/pages"}],"about":[{"href":"https:\/\/zlobkigo.hosting24.pl\/dwojka\/wp-json\/wp\/v2\/types\/page"}],"author":[{"embeddable":true,"href":"https:\/\/zlobkigo.hosting24.pl\/dwojka\/wp-json\/wp\/v2\/users\/4"}],"replies":[{"embeddable":true,"href":"https:\/\/zlobkigo.hosting24.pl\/dwojka\/wp-json\/wp\/v2\/comments?post=39034"}],"version-history":[{"count":4,"href":"https:\/\/zlobkigo.hosting24.pl\/dwojka\/wp-json\/wp\/v2\/pages\/39034\/revisions"}],"predecessor-version":[{"id":39038,"href":"https:\/\/zlobkigo.hosting24.pl\/dwojka\/wp-json\/wp\/v2\/pages\/39034\/revisions\/39038"}],"wp:attachment":[{"href":"https:\/\/zlobkigo.hosting24.pl\/dwojka\/wp-json\/wp\/v2\/media?parent=39034"}],"curies":[{"name":"wp","href":"https:\/\/api.w.org\/{rel}","templated":true}]}}