{"id":43,"date":"2016-10-25T05:18:05","date_gmt":"2016-10-25T05:18:05","guid":{"rendered":"http:\/\/zlobkigo.mserwis.pl\/dwojka\/?page_id=43"},"modified":"2025-03-06T10:23:32","modified_gmt":"2025-03-06T09:23:32","slug":"historia-zlobka","status":"publish","type":"page","link":"https:\/\/zlobkigo.hosting24.pl\/dwojka\/o-nas\/historia-zlobka\/","title":{"rendered":"Historia \u017c\u0142obka"},"content":{"rendered":"\t\t<div data-elementor-type=\"wp-page\" data-elementor-id=\"43\" class=\"elementor elementor-43\" data-elementor-post-type=\"page\">\n\t\t\t\t<div class=\"elementor-element elementor-element-7338097f e-flex e-con-boxed e-con e-parent\" data-id=\"7338097f\" data-element_type=\"container\" data-e-type=\"container\">\n\t\t\t\t\t<div class=\"e-con-inner\">\n\t\t\t\t<div class=\"elementor-element elementor-element-148b99c1 elementor-widget elementor-widget-text-editor\" data-id=\"148b99c1\" data-element_type=\"widget\" data-e-type=\"widget\" data-widget_type=\"text-editor.default\">\n\t\t\t\t<div class=\"elementor-widget-container\">\n\t\t\t\t\t\t\t\t\t<p style=\"text-align: justify;\">\u017b\u0142obek Miejski Nr 2 przy ul. Obotryckiej 1 funkcjonuje od 1968 r. Powstanie \u017b\u0142obka by\u0142o konieczno\u015bci\u0105, ze wzgl\u0119du na to, \u017ce bardzo du\u017co kobiet pracowa\u0142o zawodowo i nie mog\u0142o opiekowa\u0107 si\u0119 swoimi male\u0144stwami. Do 2011 roku dzia\u0142alno\u015b\u0107 \u017c\u0142obk\u00f3w regulowa\u0142a ustawa o zak\u0142adach opieki zdrowotnej. \u017b\u0142obki podlega\u0142y pod s\u0142u\u017cb\u0119 zdrowia i pracowa\u0142 w nich tzw. \u201ebia\u0142y personel\u201d. W kwietniu 2011 roku wesz\u0142a w \u017cycie ustawa o opiece nad dzie\u0107mi do lat 3, kt\u00f3ra usystematyzowa\u0142a dzia\u0142alno\u015b\u0107 \u017c\u0142obk\u00f3w oraz z\u0142agodzi\u0142a cze\u015b\u0107 przepis\u00f3w w zakresie ich funkcjonowania.<\/p><p style=\"text-align: justify;\">\u00a0<\/p>\t\t\t\t\t\t\t\t<\/div>\n\t\t\t\t<\/div>\n\t\t\t\t\t<\/div>\n\t\t\t\t<\/div>\n\t\t<div class=\"elementor-element elementor-element-1da103c e-flex e-con-boxed e-con e-parent\" data-id=\"1da103c\" data-element_type=\"container\" data-e-type=\"container\">\n\t\t\t\t\t<div class=\"e-con-inner\">\n\t\t\t\t<div class=\"elementor-element elementor-element-5f2c99f elementor-widget elementor-widget-gallery\" data-id=\"5f2c99f\" data-element_type=\"widget\" data-e-type=\"widget\" data-settings=\"{&quot;aspect_ratio&quot;:&quot;1:1&quot;,&quot;lazyload&quot;:&quot;yes&quot;,&quot;gallery_layout&quot;:&quot;grid&quot;,&quot;columns&quot;:4,&quot;columns_tablet&quot;:2,&quot;columns_mobile&quot;:1,&quot;gap&quot;:{&quot;unit&quot;:&quot;px&quot;,&quot;size&quot;:10,&quot;sizes&quot;:[]},&quot;gap_tablet&quot;:{&quot;unit&quot;:&quot;px&quot;,&quot;size&quot;:10,&quot;sizes&quot;:[]},&quot;gap_mobile&quot;:{&quot;unit&quot;:&quot;px&quot;,&quot;size&quot;:10,&quot;sizes&quot;:[]},&quot;link_to&quot;:&quot;file&quot;,&quot;overlay_background&quot;:&quot;yes&quot;,&quot;content_hover_animation&quot;:&quot;fade-in&quot;}\" data-widget_type=\"gallery.default\">\n\t\t\t\t<div class=\"elementor-widget-container\">\n\t\t\t\t\t\t\t<div class=\"elementor-gallery__container\">\n\t\t\t\t\t\t\t<a class=\"e-gallery-item elementor-gallery-item elementor-animated-content\" href=\"https:\/\/zlobkigo.hosting24.pl\/dwojka\/wp-content\/uploads\/2024\/09\/Historia_zlobka_1.jpg\" data-elementor-open-lightbox=\"yes\" data-elementor-lightbox-slideshow=\"5f2c99f\" data-elementor-lightbox-title=\"Historia_zlobka_1\" data-e-action-hash=\"#elementor-action%3Aaction%3Dlightbox%26settings%3DeyJpZCI6Mzg1NDQsInVybCI6Imh0dHBzOlwvXC96bG9ia2lnby5ob3N0aW5nMjQucGxcL2R3b2prYVwvd3AtY29udGVudFwvdXBsb2Fkc1wvMjAyNFwvMDlcL0hpc3RvcmlhX3psb2JrYV8xLmpwZyIsInNsaWRlc2hvdyI6IjVmMmM5OWYifQ%3D%3D\">\n\t\t\t\t\t<div class=\"e-gallery-image elementor-gallery-item__image\" data-thumbnail=\"https:\/\/zlobkigo.hosting24.pl\/dwojka\/wp-content\/uploads\/2024\/09\/Historia_zlobka_1-300x300.jpg\" data-width=\"300\" data-height=\"300\" aria-label=\"\" role=\"img\" ><\/div>\n\t\t\t\t\t\t\t\t\t\t\t<div class=\"elementor-gallery-item__overlay\"><\/div>\n\t\t\t\t\t\t\t\t\t\t\t\t\t\t<\/a>\n\t\t\t\t\t\t\t<a class=\"e-gallery-item elementor-gallery-item elementor-animated-content\" href=\"https:\/\/zlobkigo.hosting24.pl\/dwojka\/wp-content\/uploads\/2024\/09\/Historia_zlobka_2.jpg\" data-elementor-open-lightbox=\"yes\" data-elementor-lightbox-slideshow=\"5f2c99f\" data-elementor-lightbox-title=\"Historia_zlobka_2\" data-e-action-hash=\"#elementor-action%3Aaction%3Dlightbox%26settings%3DeyJpZCI6Mzg1NDgsInVybCI6Imh0dHBzOlwvXC96bG9ia2lnby5ob3N0aW5nMjQucGxcL2R3b2prYVwvd3AtY29udGVudFwvdXBsb2Fkc1wvMjAyNFwvMDlcL0hpc3RvcmlhX3psb2JrYV8yLmpwZyIsInNsaWRlc2hvdyI6IjVmMmM5OWYifQ%3D%3D\">\n\t\t\t\t\t<div class=\"e-gallery-image elementor-gallery-item__image\" data-thumbnail=\"https:\/\/zlobkigo.hosting24.pl\/dwojka\/wp-content\/uploads\/2024\/09\/Historia_zlobka_2-300x300.jpg\" data-width=\"300\" data-height=\"300\" aria-label=\"\" role=\"img\" ><\/div>\n\t\t\t\t\t\t\t\t\t\t\t<div class=\"elementor-gallery-item__overlay\"><\/div>\n\t\t\t\t\t\t\t\t\t\t\t\t\t\t<\/a>\n\t\t\t\t\t\t\t<a class=\"e-gallery-item elementor-gallery-item elementor-animated-content\" href=\"https:\/\/zlobkigo.hosting24.pl\/dwojka\/wp-content\/uploads\/2024\/09\/Historia_zlobka_3.jpg\" data-elementor-open-lightbox=\"yes\" data-elementor-lightbox-slideshow=\"5f2c99f\" data-elementor-lightbox-title=\"Historia_zlobka_3\" data-e-action-hash=\"#elementor-action%3Aaction%3Dlightbox%26settings%3DeyJpZCI6Mzg1NTMsInVybCI6Imh0dHBzOlwvXC96bG9ia2lnby5ob3N0aW5nMjQucGxcL2R3b2prYVwvd3AtY29udGVudFwvdXBsb2Fkc1wvMjAyNFwvMDlcL0hpc3RvcmlhX3psb2JrYV8zLmpwZyIsInNsaWRlc2hvdyI6IjVmMmM5OWYifQ%3D%3D\">\n\t\t\t\t\t<div class=\"e-gallery-image elementor-gallery-item__image\" data-thumbnail=\"https:\/\/zlobkigo.hosting24.pl\/dwojka\/wp-content\/uploads\/2024\/09\/Historia_zlobka_3-300x300.jpg\" data-width=\"300\" data-height=\"300\" aria-label=\"\" role=\"img\" ><\/div>\n\t\t\t\t\t\t\t\t\t\t\t<div class=\"elementor-gallery-item__overlay\"><\/div>\n\t\t\t\t\t\t\t\t\t\t\t\t\t\t<\/a>\n\t\t\t\t\t\t\t<a class=\"e-gallery-item elementor-gallery-item elementor-animated-content\" href=\"https:\/\/zlobkigo.hosting24.pl\/dwojka\/wp-content\/uploads\/2024\/09\/Historia_zlobka_4.jpg\" data-elementor-open-lightbox=\"yes\" data-elementor-lightbox-slideshow=\"5f2c99f\" data-elementor-lightbox-title=\"Historia_zlobka_4\" data-e-action-hash=\"#elementor-action%3Aaction%3Dlightbox%26settings%3DeyJpZCI6Mzg1NTcsInVybCI6Imh0dHBzOlwvXC96bG9ia2lnby5ob3N0aW5nMjQucGxcL2R3b2prYVwvd3AtY29udGVudFwvdXBsb2Fkc1wvMjAyNFwvMDlcL0hpc3RvcmlhX3psb2JrYV80LmpwZyIsInNsaWRlc2hvdyI6IjVmMmM5OWYifQ%3D%3D\">\n\t\t\t\t\t<div class=\"e-gallery-image elementor-gallery-item__image\" data-thumbnail=\"https:\/\/zlobkigo.hosting24.pl\/dwojka\/wp-content\/uploads\/2024\/09\/Historia_zlobka_4-300x300.jpg\" data-width=\"300\" data-height=\"300\" aria-label=\"\" role=\"img\" ><\/div>\n\t\t\t\t\t\t\t\t\t\t\t<div class=\"elementor-gallery-item__overlay\"><\/div>\n\t\t\t\t\t\t\t\t\t\t\t\t\t\t<\/a>\n\t\t\t\t\t\t\t<a class=\"e-gallery-item elementor-gallery-item elementor-animated-content\" href=\"https:\/\/zlobkigo.hosting24.pl\/dwojka\/wp-content\/uploads\/2024\/09\/Historia_zlobka_5.jpg\" data-elementor-open-lightbox=\"yes\" data-elementor-lightbox-slideshow=\"5f2c99f\" data-elementor-lightbox-title=\"Historia_zlobka_5\" data-e-action-hash=\"#elementor-action%3Aaction%3Dlightbox%26settings%3DeyJpZCI6Mzg1NjEsInVybCI6Imh0dHBzOlwvXC96bG9ia2lnby5ob3N0aW5nMjQucGxcL2R3b2prYVwvd3AtY29udGVudFwvdXBsb2Fkc1wvMjAyNFwvMDlcL0hpc3RvcmlhX3psb2JrYV81LmpwZyIsInNsaWRlc2hvdyI6IjVmMmM5OWYifQ%3D%3D\">\n\t\t\t\t\t<div class=\"e-gallery-image elementor-gallery-item__image\" data-thumbnail=\"https:\/\/zlobkigo.hosting24.pl\/dwojka\/wp-content\/uploads\/2024\/09\/Historia_zlobka_5-300x300.jpg\" data-width=\"300\" data-height=\"300\" aria-label=\"\" role=\"img\" ><\/div>\n\t\t\t\t\t\t\t\t\t\t\t<div class=\"elementor-gallery-item__overlay\"><\/div>\n\t\t\t\t\t\t\t\t\t\t\t\t\t\t<\/a>\n\t\t\t\t\t\t\t<a class=\"e-gallery-item elementor-gallery-item elementor-animated-content\" href=\"https:\/\/zlobkigo.hosting24.pl\/dwojka\/wp-content\/uploads\/2024\/09\/Historia_zlobka_6.jpg\" data-elementor-open-lightbox=\"yes\" data-elementor-lightbox-slideshow=\"5f2c99f\" data-elementor-lightbox-title=\"Historia_zlobka_6\" data-e-action-hash=\"#elementor-action%3Aaction%3Dlightbox%26settings%3DeyJpZCI6Mzg1NjUsInVybCI6Imh0dHBzOlwvXC96bG9ia2lnby5ob3N0aW5nMjQucGxcL2R3b2prYVwvd3AtY29udGVudFwvdXBsb2Fkc1wvMjAyNFwvMDlcL0hpc3RvcmlhX3psb2JrYV82LmpwZyIsInNsaWRlc2hvdyI6IjVmMmM5OWYifQ%3D%3D\">\n\t\t\t\t\t<div class=\"e-gallery-image elementor-gallery-item__image\" data-thumbnail=\"https:\/\/zlobkigo.hosting24.pl\/dwojka\/wp-content\/uploads\/2024\/09\/Historia_zlobka_6-300x300.jpg\" data-width=\"300\" data-height=\"300\" aria-label=\"\" role=\"img\" ><\/div>\n\t\t\t\t\t\t\t\t\t\t\t<div class=\"elementor-gallery-item__overlay\"><\/div>\n\t\t\t\t\t\t\t\t\t\t\t\t\t\t<\/a>\n\t\t\t\t\t\t\t<a class=\"e-gallery-item elementor-gallery-item elementor-animated-content\" href=\"https:\/\/zlobkigo.hosting24.pl\/dwojka\/wp-content\/uploads\/2024\/09\/Historia_zlobka_7-300x300-1.jpg\" data-elementor-open-lightbox=\"yes\" data-elementor-lightbox-slideshow=\"5f2c99f\" data-elementor-lightbox-title=\"Historia_zlobka_7-300x300\" data-e-action-hash=\"#elementor-action%3Aaction%3Dlightbox%26settings%3DeyJpZCI6Mzg1NDIsInVybCI6Imh0dHBzOlwvXC96bG9ia2lnby5ob3N0aW5nMjQucGxcL2R3b2prYVwvd3AtY29udGVudFwvdXBsb2Fkc1wvMjAyNFwvMDlcL0hpc3RvcmlhX3psb2JrYV83LTMwMHgzMDAtMS5qcGciLCJzbGlkZXNob3ciOiI1ZjJjOTlmIn0%3D\">\n\t\t\t\t\t<div class=\"e-gallery-image elementor-gallery-item__image\" data-thumbnail=\"https:\/\/zlobkigo.hosting24.pl\/dwojka\/wp-content\/uploads\/2024\/09\/Historia_zlobka_7-300x300-1.jpg\" data-width=\"300\" data-height=\"300\" aria-label=\"\" role=\"img\" ><\/div>\n\t\t\t\t\t\t\t\t\t\t\t<div class=\"elementor-gallery-item__overlay\"><\/div>\n\t\t\t\t\t\t\t\t\t\t\t\t\t\t<\/a>\n\t\t\t\t\t<\/div>\n\t\t\t\t\t<\/div>\n\t\t\t\t<\/div>\n\t\t\t\t\t<\/div>\n\t\t\t\t<\/div>\n\t\t\t\t<\/div>\n\t\t","protected":false},"excerpt":{"rendered":"<p>\u017b\u0142obek Miejski Nr 2 przy ul. Obotryckiej 1 funkcjonuje od 1968 r. Powstanie \u017b\u0142obka by\u0142o konieczno\u015bci\u0105, ze wzgl\u0119du na to, \u017ce bardzo du\u017co kobiet pracowa\u0142o zawodowo i nie mog\u0142o opiekowa\u0107 [&hellip;]<\/p>\n","protected":false},"author":4,"featured_media":0,"parent":12,"menu_order":6,"comment_status":"closed","ping_status":"closed","template":"","meta":{"footnotes":""},"class_list":["post-43","page","type-page","status-publish","hentry","clearfix"],"_links":{"self":[{"href":"https:\/\/zlobkigo.hosting24.pl\/dwojka\/wp-json\/wp\/v2\/pages\/43","targetHints":{"allow":["GET"]}}],"collection":[{"href":"https:\/\/zlobkigo.hosting24.pl\/dwojka\/wp-json\/wp\/v2\/pages"}],"about":[{"href":"https:\/\/zlobkigo.hosting24.pl\/dwojka\/wp-json\/wp\/v2\/types\/page"}],"author":[{"embeddable":true,"href":"https:\/\/zlobkigo.hosting24.pl\/dwojka\/wp-json\/wp\/v2\/users\/4"}],"replies":[{"embeddable":true,"href":"https:\/\/zlobkigo.hosting24.pl\/dwojka\/wp-json\/wp\/v2\/comments?post=43"}],"version-history":[{"count":6,"href":"https:\/\/zlobkigo.hosting24.pl\/dwojka\/wp-json\/wp\/v2\/pages\/43\/revisions"}],"predecessor-version":[{"id":40818,"href":"https:\/\/zlobkigo.hosting24.pl\/dwojka\/wp-json\/wp\/v2\/pages\/43\/revisions\/40818"}],"up":[{"embeddable":true,"href":"https:\/\/zlobkigo.hosting24.pl\/dwojka\/wp-json\/wp\/v2\/pages\/12"}],"wp:attachment":[{"href":"https:\/\/zlobkigo.hosting24.pl\/dwojka\/wp-json\/wp\/v2\/media?parent=43"}],"curies":[{"name":"wp","href":"https:\/\/api.w.org\/{rel}","templated":true}]}}