{"id":56,"date":"2016-10-26T21:09:11","date_gmt":"2016-10-26T21:09:11","guid":{"rendered":"http:\/\/www.zlobki-gorzow.pl\/dwojka\/?page_id=56"},"modified":"2026-04-13T14:23:26","modified_gmt":"2026-04-13T12:23:26","slug":"informacje-ogolne","status":"publish","type":"page","link":"https:\/\/zlobkigo.hosting24.pl\/dwojka\/o-nas\/informacje-ogolne\/","title":{"rendered":"Informacje og\u00f3lne"},"content":{"rendered":"\t\t<div data-elementor-type=\"wp-page\" data-elementor-id=\"56\" class=\"elementor elementor-56\" data-elementor-post-type=\"page\">\n\t\t\t\t<div class=\"elementor-element elementor-element-4abb9291 e-flex e-con-boxed e-con e-parent\" data-id=\"4abb9291\" data-element_type=\"container\" data-e-type=\"container\">\n\t\t\t\t\t<div class=\"e-con-inner\">\n\t\t\t\t<div class=\"elementor-element elementor-element-c031bf5 elementor-widget elementor-widget-text-editor\" data-id=\"c031bf5\" data-element_type=\"widget\" data-e-type=\"widget\" data-widget_type=\"text-editor.default\">\n\t\t\t\t<div class=\"elementor-widget-container\">\n\t\t\t\t\t\t\t\t\t<p>\u017b\u0142obek dzia\u0142a na podstawie nast\u0119puj\u0105cych akt\u00f3w prawnych:<\/p><ol><li>Ustawa z dnia 4 lutego o opiece nad dzie\u0107mi do lat 3 ( Dz. U. z 2025 r., poz. 798\u00a0 ze zm.); (plik do pobrania)<a href=\"https:\/\/zlobkigo.hosting24.pl\/dwojka\/wp-content\/uploads\/2026\/04\/ustawa-zlobkowa-2025.pdf\">ustawa \u017c\u0142obkowa 2025<\/a><\/li><li>Rozporz\u0105dzenie Ministra Pracy i Polityki Spo\u0142ecznej z dnia 10 lipca 2014 r. w sprawie wymaga\u0144 lokalowych i sanitarnych jakie musi spe\u0142nia\u0107 lokal, w kt\u00f3rym ma by\u0107 prowadzony \u017c\u0142obek lub klub dzieci\u0119cy (t.j. Dz. U. z 2019r., poz. 72 ze zm.)<a href=\"https:\/\/zlobkigo.hosting24.pl\/dwojka\/wp-content\/uploads\/2025\/03\/Rozporzadzenie-warunki-lokalowe-zlobek-D20190072.pdf\">Rozporz\u0105dzenie warunki lokalowe \u017clobek D20190072<\/a><\/li><li>Uchwa\u0142a Nr XXXI\/575\/2026 Rady Miasta Gorzowa Wielkopolskiego z dnia 24 marca 2026r. w sprawie nadania statutu \u017b\u0142obkowi Miejskiemu Nr 2 w Gorzowie Wielkopolskim (Dz. Urz. Woj. Lubuskiego z 2026 roku, poz. 696) <a href=\"https:\/\/zlobkigo.hosting24.pl\/dwojka\/wp-content\/uploads\/2026\/04\/ZM2-statut-04.2026.pdf\">\u017bM2 statut 04.2026<\/a><\/li><\/ol><p>Rola \u017c\u0142obka wynikaj\u0105ca z zapis\u00f3w Ustawa z dnia 04 lutego 2011r. o opiece nad dzie\u0107mi w wieku do lat 3:<\/p><p>W art.10 ww. ustawy okre\u015blono zadania \u017c\u0142obka, polegaj\u0105ce w szczeg\u00f3lno\u015bci na:<\/p><ol><li>zapewnieniu dziecku opieki w warunkach bytowych zbli\u017conych do warunk\u00f3w domowych;<\/li><li>zagwarantowaniu dziecku w\u0142a\u015bciwej opieki piel\u0119gnacyjnej oraz edukacyjnej, przez prowadzenie zaj\u0119\u0107 zabawowych z elementami edukacji, z uwzgl\u0119dnieniem indywidualnych potrzeb dziecka;<\/li><li>prowadzeniu zaj\u0119\u0107 opieku\u0144czo-wychowawczych i edukacyjnych, uwzgl\u0119dniaj\u0105cych rozw\u00f3j psychomotoryczny dziecka, w\u0142a\u015bciwych do wieku dziecka.<\/li><\/ol><ul><li>\u00a0\u017b\u0142obek Miejski Nr 2 po\u0142o\u017cony jest w centrum miasta przy ul. Obotryckiej 1.<\/li><li>\u00a0Plac\u00f3wka czynna jest od poniedzia\u0142ku do pi\u0105tku w godzinach od 6:30 do 16:30.<\/li><li>\u00a0\u017b\u0142obek Miejski Nr 2 jest jednostk\u0105 bud\u017cetow\u0105 utworzon\u0105 i finansowan\u0105 przez Miasto Gorz\u00f3w Wielkopolski.<\/li><li>\u00a0Bezpo\u015bredni nadz\u00f3r nad jego dzia\u0142alno\u015bci\u0105 sprawuje Wydzia\u0142 Spraw Spo\u0142ecznych Urz\u0119du Miasta Gorzowa Wielkopolskiego.<\/li><li>\u00a0Nasza plac\u00f3wka dysponuje \u0142\u0105cznie 122 miejscami w czterech grupach, przystosowanych do wieku dzieci:<\/li><\/ul><table class=\"info-table\" width=\"386\"><tbody><tr><td width=\"160\">Grupy<\/td><td width=\"300\">Przedzia\u0142 wiekowy dzieci(na dzie\u0144 rozpocz\u0119cia roku szkolnego)<\/td><\/tr><tr><td width=\"160\">GRUPA 1 Raczki<\/td><td width=\"300\">Od 20 tygodni do 1 rok\u00a0 i 6 dni<\/td><\/tr><tr><td width=\"157\">GRUPA 2 Motylki<\/td><td width=\"229\">Od 1 rok i 7 dni do 1 rok, 5 miesi\u0119cy i 30 dni<\/td><\/tr><tr><td width=\"157\">GRUPA 3 Radosne Misie<\/td><td width=\"229\">Od 1,5 roku, i 2 dni do 2 lat i 1 miesi\u0105c<\/td><\/tr><tr><td width=\"157\">GRUPA 4 Weso\u0142e Skrzaty<\/td><td width=\"229\">Od 2 lata, 1 miesi\u0105c i 1 dzie\u0144 do 2 lata i 8 miesi\u0119cy<\/td><\/tr><\/tbody><\/table><p><strong>Cele szczeg\u00f3\u0142owe w funkcjonowaniu \u017c\u0142obka:<\/strong><\/p><ul><li>\u00a0realizacja czynno\u015bci opieku\u0144czych poszerzona o dzia\u0142ania edukacyjne wspieraj\u0105ce wszechstronny rozw\u00f3j dzieci oraz o kszta\u0142cenie umiej\u0119tno\u015bci muzycznych, plastycznych, ekologicznych;<\/li><li>\u00a0stworzenie prawid\u0142owych warunk\u00f3w do rozwoju dziecka;<\/li><li>\u00a0kszta\u0142towanie umiej\u0119tno\u015bci obserwacji, u\u0142atwianie rozumienia zjawisk zachodz\u0105cych w otoczeniu przyrodniczym, spo\u0142ecznym, kulturowym i technicznym;<\/li><li>\u00a0rozbudzanie ciekawo\u015bci poznawczej, zach\u0119canie do aktywno\u015bci badawczej<br \/>i wyra\u017cania w\u0142asnych my\u015bli i prze\u017cy\u0107;<\/li><li>\u00a0rozwijanie i wspieranie potencja\u0142u ka\u017cdego dziecka, zapewnienie opieki<br \/>i wspomaganie rozwoju dziecka w przyjaznym, bezpiecznym i zdrowym \u015brodowisku;<\/li><li>\u00a0rozwijanie i wspieranie potencja\u0142u ka\u017cdego dziecka;<\/li><li>\u00a0wsp\u00f3\u0142praca z rodzicami w zakresie zapewnienia opieki nad dzie\u0107mi;<\/li><li>\u00a0uwzgl\u0119dnianie indywidualnych potrzeb dziecka, troska o zapewnienie r\u00f3wnych szans;<\/li><li>\u00a0umacnianie wiary we w\u0142asne si\u0142y i mo\u017cliwo\u015bci osi\u0105gania sukcesu;<\/li><li>\u00a0stwarzanie warunk\u00f3w do rozwijania samodzielno\u015bci, d\u0105\u017cenia do osi\u0105gania cel\u00f3w, podejmowania odpowiedzialno\u015bci za siebie i za najbli\u017csze otoczenie;<\/li><li>\u00a0rozwijanie wra\u017cliwo\u015bci moralnej;<\/li><li>\u00a0rozwijanie wra\u017cliwo\u015bci estetycznej, tworzenie warunk\u00f3w do rozwoju wyobra\u017ani, fantazji oraz ekspresji plastycznej, muzycznej, ruchowej oraz teatralnej;<\/li><\/ul><p><strong>Odp\u0142atno\u015b\u0107.<\/strong><\/p><p>Zgodnie z Uchwa\u0142\u0105 Nr X\/172\/2024 Rady Miasta Gorzowa Wielkopolskiego z dnia 26 listopada 2024 r. w sprawie ustalenia op\u0142at za pobyt i wy\u017cywienie dziecka w \u017c\u0142obkach miejskich (Dz. U. Wojew\u00f3dztwa Lubuskiego <br \/>z 2024 roku, poz. 2855) w nast\u0119puj\u0105cej\u00a0 wysoko\u015bci<a href=\"https:\/\/zlobkigo.hosting24.pl\/dwojka\/wp-content\/uploads\/2025\/01\/Dziennik-urzedowy-woj.-lubuskiego-uchwala-oplaty-2025.pdf\">Dziennik urz\u0119dowy woj. lubuskiego &#8211; uchwa\u0142a op\u0142aty 2025<\/a>:<\/p><ul><li>op\u0142ata za pobyt dziecka w \u017c\u0142obku w wymiarze 10 godzin dziennie w wysoko\u015bci 1.500,00\u00a0z\u0142 miesi\u0119cznie;<\/li><li>op\u0142ata za wy\u017cywienie dziecka w \u017c\u0142obku w wysoko\u015bci 10,00 z\u0142 za ka\u017cdy dzie\u0144 pobytu;<\/li><li>op\u0142ata dodatkowa w\u00a0wysoko\u015bci 50,00\u00a0z\u0142, za ka\u017cd\u0105 rozpocz\u0119t\u0105 godzin\u0119 pobytu dziecka w\u00a0\u017c\u0142obku przekraczaj\u0105c\u0105 10\u00a0godzin dziennie.<\/li><li>Op\u0142ata za pobyt dziecka,\u00a0 zostaje obni\u017cona o kwot\u0119 otrzymanego \u015bwiadczenia \u201eaktywnie w \u017c\u0142obku\u201d, o kt\u00f3rym mowa w art. 25 a ust 1 ustawy z dnia 4 lutego o opiece nad dzie\u0107mi w wieku do lat 3.<\/li><\/ul><ul><li>\u00a0w przypadku nieobecno\u015bci dziecka w \u017c\u0142obku, op\u0142ata za pobyt <u>nie podlega zwrotowi<\/u>, bez wzgl\u0119du na liczb\u0119 dni nieobecno\u015bci;<\/li><li>\u00a0w przypadku nieobecno\u015bci dziecka w \u017c\u0142obku <u>op\u0142ata za wy\u017cywienie podlega <\/u>proporcjonalnemu <u>zwrotowi<\/u> w wysoko\u015bci stanowi\u0105cej iloczyn dni nieobecno\u015bci i wysoko\u015bci dziennej stawki \u017cywieniowej, pod warunkiem poinformowania pracownika \u017c\u0142obka przez rodzic\u00f3w\/ opiekun\u00f3w prawnych, najp\u00f3\u017aniej w pierwszym dniu nieobecno\u015bci dziecka w \u017c\u0142obku. Rozliczenie pobranej op\u0142aty za wy\u017cywienie nast\u0119puje w kolejnym miesi\u0105cu kalendarzowym.<\/li><\/ul><p>Op\u0142at za pobyt dziecka w \u017c\u0142obku oraz wy\u017cywienie, dokonywane na rachunek bankowy \u017b\u0142obka Miejskiego Nr 2, rodzice\/opiekunowie prawni uiszczaj\u0105 wp\u0142aty w nieprzekraczalnym terminie do 15-go dnia ka\u017cdego miesi\u0105ca na rachunek bankowy:<br \/>PKO Bank Polski S.A.<br \/>numer: 51 1020 1954 0000 7402 0174 7906<\/p><p>PLAN OPIEKU\u0143CZO \u2013 WYCHOWAWCZO &#8211; EDUKACYJNY w \u017b\u0142obku Miejskim Nr 2 w Gorzowie Wielkopolskim<\/p><p><a href=\"https:\/\/zlobkigo.hosting24.pl\/dwojka\/wp-content\/uploads\/2025\/12\/ZPM-466-_2025-ZM-nr-2.pdf\">ZPM-466-_2025 \u017bM nr 2<\/a><\/p><p><a href=\"https:\/\/zlobkigo.hosting24.pl\/dwojka\/wp-content\/uploads\/2025\/12\/ZPM-466-_2025_Zalacznik.pdf\">ZPM-466-_2025_Zalacznik<\/a><\/p><p><strong>Zasady funkcjonowania \u017c\u0142obka w dniach przypadaj\u0105cych pomi\u0119dzy dniami wolnymi.<a href=\"https:\/\/www.zlobki-gorzow.pl\/dwojka\/wp-content\/uploads\/2022\/10\/zarzadzenie-dni-wolne-pomiedzy-swetami-2017.pdf\">zarz\u0105dzenie dni wolne pomi\u0119dzy \u015bw\u0119tami 2017<\/a><\/strong><\/p>\t\t\t\t\t\t\t\t<\/div>\n\t\t\t\t<\/div>\n\t\t\t\t\t<\/div>\n\t\t\t\t<\/div>\n\t\t\t\t<\/div>\n\t\t","protected":false},"excerpt":{"rendered":"<p>\u017b\u0142obek dzia\u0142a na podstawie nast\u0119puj\u0105cych akt\u00f3w prawnych: Ustawa z dnia 4 lutego o opiece nad dzie\u0107mi do lat 3 ( Dz. U. z 2025 r., poz. 798\u00a0 ze zm.); (plik [&hellip;]<\/p>\n","protected":false},"author":4,"featured_media":0,"parent":12,"menu_order":0,"comment_status":"closed","ping_status":"closed","template":"","meta":{"footnotes":""},"class_list":["post-56","page","type-page","status-publish","hentry","clearfix"],"_links":{"self":[{"href":"https:\/\/zlobkigo.hosting24.pl\/dwojka\/wp-json\/wp\/v2\/pages\/56","targetHints":{"allow":["GET"]}}],"collection":[{"href":"https:\/\/zlobkigo.hosting24.pl\/dwojka\/wp-json\/wp\/v2\/pages"}],"about":[{"href":"https:\/\/zlobkigo.hosting24.pl\/dwojka\/wp-json\/wp\/v2\/types\/page"}],"author":[{"embeddable":true,"href":"https:\/\/zlobkigo.hosting24.pl\/dwojka\/wp-json\/wp\/v2\/users\/4"}],"replies":[{"embeddable":true,"href":"https:\/\/zlobkigo.hosting24.pl\/dwojka\/wp-json\/wp\/v2\/comments?post=56"}],"version-history":[{"count":34,"href":"https:\/\/zlobkigo.hosting24.pl\/dwojka\/wp-json\/wp\/v2\/pages\/56\/revisions"}],"predecessor-version":[{"id":44839,"href":"https:\/\/zlobkigo.hosting24.pl\/dwojka\/wp-json\/wp\/v2\/pages\/56\/revisions\/44839"}],"up":[{"embeddable":true,"href":"https:\/\/zlobkigo.hosting24.pl\/dwojka\/wp-json\/wp\/v2\/pages\/12"}],"wp:attachment":[{"href":"https:\/\/zlobkigo.hosting24.pl\/dwojka\/wp-json\/wp\/v2\/media?parent=56"}],"curies":[{"name":"wp","href":"https:\/\/api.w.org\/{rel}","templated":true}]}}