{"id":59,"date":"2016-10-26T21:20:46","date_gmt":"2016-10-26T21:20:46","guid":{"rendered":"http:\/\/www.zlobki-gorzow.pl\/dwojka\/?page_id=59"},"modified":"2016-10-26T21:20:46","modified_gmt":"2016-10-26T21:20:46","slug":"rozklad-dnia","status":"publish","type":"page","link":"https:\/\/zlobkigo.hosting24.pl\/dwojka\/o-nas\/rozklad-dnia\/","title":{"rendered":"Rozk\u0142ad Dnia"},"content":{"rendered":"<p>Ramowy rozk\u0142ad dnia w naszym \u017c\u0142obku.<\/p>\n<p>6.30 &#8211; 8.00 Przyjmowanie dzieci , zabawy ruchowe ,praca indywidualna z dzie\u0107mi<br \/>\n8.00 &#8211; 8.10 Gimnastyka<br \/>\n8.10 &#8211; 8.20 Przygotowanie do \u015bniadania<br \/>\n8.20 &#8211; 8.50 \u015aniadanie<br \/>\n8.50 &#8211; 9.10 Toaleta<br \/>\n9.10 &#8211; 9.20 Zaj\u0119cia dydaktyczne<br \/>\n9.20 &#8211; 10.50 Zabawy w grupach w sali lub na powietrzu , praca indywidualna z dzieckiem<br \/>\n11.00 &#8211; 11.15 Przygotowanie do obiadu<br \/>\n11.30 &#8211; 12.00 Obiad<br \/>\n12.00 &#8211; 12.15 Toaleta<br \/>\n12.30 &#8211; 14.00 Le\u017cakowanie, sen<br \/>\n14.30 &#8211; 15.50 Podwieczorek<br \/>\n14.50 &#8211; 16.30 Zabawy dowolne z dzie\u0107mi<\/p>\n","protected":false},"excerpt":{"rendered":"<p>Ramowy rozk\u0142ad dnia w naszym \u017c\u0142obku. 6.30 &#8211; 8.00 Przyjmowanie dzieci , zabawy ruchowe ,praca indywidualna z dzie\u0107mi 8.00 &#8211; 8.10 Gimnastyka 8.10 &#8211; 8.20 Przygotowanie do \u015bniadania 8.20 &#8211; [&hellip;]<\/p>\n","protected":false},"author":4,"featured_media":0,"parent":12,"menu_order":0,"comment_status":"closed","ping_status":"closed","template":"","meta":{"footnotes":""},"class_list":["post-59","page","type-page","status-publish","hentry","clearfix"],"_links":{"self":[{"href":"https:\/\/zlobkigo.hosting24.pl\/dwojka\/wp-json\/wp\/v2\/pages\/59","targetHints":{"allow":["GET"]}}],"collection":[{"href":"https:\/\/zlobkigo.hosting24.pl\/dwojka\/wp-json\/wp\/v2\/pages"}],"about":[{"href":"https:\/\/zlobkigo.hosting24.pl\/dwojka\/wp-json\/wp\/v2\/types\/page"}],"author":[{"embeddable":true,"href":"https:\/\/zlobkigo.hosting24.pl\/dwojka\/wp-json\/wp\/v2\/users\/4"}],"replies":[{"embeddable":true,"href":"https:\/\/zlobkigo.hosting24.pl\/dwojka\/wp-json\/wp\/v2\/comments?post=59"}],"version-history":[{"count":0,"href":"https:\/\/zlobkigo.hosting24.pl\/dwojka\/wp-json\/wp\/v2\/pages\/59\/revisions"}],"up":[{"embeddable":true,"href":"https:\/\/zlobkigo.hosting24.pl\/dwojka\/wp-json\/wp\/v2\/pages\/12"}],"wp:attachment":[{"href":"https:\/\/zlobkigo.hosting24.pl\/dwojka\/wp-json\/wp\/v2\/media?parent=59"}],"curies":[{"name":"wp","href":"https:\/\/api.w.org\/{rel}","templated":true}]}}