{"id":64,"date":"2016-10-26T21:40:12","date_gmt":"2016-10-26T21:40:12","guid":{"rendered":"http:\/\/www.zlobki-gorzow.pl\/dwojka\/?page_id=64"},"modified":"2025-10-29T14:10:12","modified_gmt":"2025-10-29T13:10:12","slug":"kadra","status":"publish","type":"page","link":"https:\/\/zlobkigo.hosting24.pl\/dwojka\/o-nas\/kadra\/","title":{"rendered":"Kadra"},"content":{"rendered":"\t\t<div data-elementor-type=\"wp-page\" data-elementor-id=\"64\" class=\"elementor elementor-64\" data-elementor-post-type=\"page\">\n\t\t\t\t<div class=\"elementor-element elementor-element-7f50442c e-flex e-con-boxed e-con e-parent\" data-id=\"7f50442c\" data-element_type=\"container\" data-e-type=\"container\">\n\t\t\t\t\t<div class=\"e-con-inner\">\n\t\t\t\t<div class=\"elementor-element elementor-element-43db55c3 elementor-widget elementor-widget-text-editor\" data-id=\"43db55c3\" data-element_type=\"widget\" data-e-type=\"widget\" data-widget_type=\"text-editor.default\">\n\t\t\t\t<div class=\"elementor-widget-container\">\n\t\t\t\t\t\t\t\t\t<p>W \u017b\u0142obku Miejskim Nr 2 zatrudnionych jest 28 os\u00f3b:<\/p><ol><li>Katarzyna \u0141uczak\u2013 Dyrektor \u017b\u0142obka<\/li><li>Barbara G. \u2013 Intendent<\/li><li>Marta T.\u2013 Starszy Kucharz<\/li><li>Julia T.\u2013 Kucharz<\/li><li>Katarzyna O. \u2013 Praczka<\/li><li>Robert K. \u2013 Konserwator<\/li><\/ol><p><strong>PODZIA\u0141 PRACOWNIK\u00d3W NA POSZCZEG\u00d3LNE GRUPY<\/strong>:<\/p><table class=\"kadra-table\" style=\"height: 217px; width: 529px;\" border=\"1\"><tbody><tr><td style=\"text-align: center;\" width=\"179\">GRUPA I<\/td><td width=\"350\"><ul><li>\u00a0Agnieszka O. \u2013 Starsza Piel\u0119gniarka<\/li><li>\u00a0Marzena B.B<\/li><li>\u00a0Ma\u0142gorzata J.<\/li><li>\u00a0Joanna M.<\/li><li>Aleksandra K.<\/li><li>\u00a0Agnieszka H.<\/li><\/ul><\/td><\/tr><tr><td style=\"text-align: center;\" width=\"179\">GRUPA II<\/td><td width=\"350\"><ul><li>\u00a0Magdalena R.<\/li><li>\u00a0Marlena M.<\/li><li>\u00a0Gra\u017cyna K.<\/li><li>\u00a0Ma\u0142gorzata \u0141.<\/li><\/ul><\/td><\/tr><tr><td style=\"text-align: center;\" width=\"179\">GRUPA III<\/td><td width=\"350\"><ul><li>\u00a0Anna P.<\/li><li>Anna F.<\/li><li>Katarzyna M.<\/li><li>\u00a0Dorota P.<\/li><li>\u00a0Joanna D.<\/li><li>\u00a0Joanna P.<\/li><\/ul><\/td><\/tr><tr><td style=\"text-align: center;\" width=\"179\">GRUPA IV<\/td><td width=\"350\"><ul><li>\u00a0Marlena H.<\/li><li>\u00a0Aneta R.<\/li><li>\u00a0Ewa D.<\/li><li>\u00a0Agnieszka F.<\/li><li>Agnieszka O.<\/li><li>\u00a0Joanna P.<\/li><\/ul><\/td><\/tr><\/tbody><\/table>\t\t\t\t\t\t\t\t<\/div>\n\t\t\t\t<\/div>\n\t\t\t\t\t<\/div>\n\t\t\t\t<\/div>\n\t\t\t\t<\/div>\n\t\t","protected":false},"excerpt":{"rendered":"<p>W \u017b\u0142obku Miejskim Nr 2 zatrudnionych jest 28 os\u00f3b: Katarzyna \u0141uczak\u2013 Dyrektor \u017b\u0142obka Barbara G. \u2013 Intendent Marta T.\u2013 Starszy Kucharz Julia T.\u2013 Kucharz Katarzyna O. \u2013 Praczka Robert K. [&hellip;]<\/p>\n","protected":false},"author":4,"featured_media":0,"parent":12,"menu_order":3,"comment_status":"closed","ping_status":"closed","template":"","meta":{"footnotes":""},"class_list":["post-64","page","type-page","status-publish","hentry","clearfix"],"_links":{"self":[{"href":"https:\/\/zlobkigo.hosting24.pl\/dwojka\/wp-json\/wp\/v2\/pages\/64","targetHints":{"allow":["GET"]}}],"collection":[{"href":"https:\/\/zlobkigo.hosting24.pl\/dwojka\/wp-json\/wp\/v2\/pages"}],"about":[{"href":"https:\/\/zlobkigo.hosting24.pl\/dwojka\/wp-json\/wp\/v2\/types\/page"}],"author":[{"embeddable":true,"href":"https:\/\/zlobkigo.hosting24.pl\/dwojka\/wp-json\/wp\/v2\/users\/4"}],"replies":[{"embeddable":true,"href":"https:\/\/zlobkigo.hosting24.pl\/dwojka\/wp-json\/wp\/v2\/comments?post=64"}],"version-history":[{"count":12,"href":"https:\/\/zlobkigo.hosting24.pl\/dwojka\/wp-json\/wp\/v2\/pages\/64\/revisions"}],"predecessor-version":[{"id":42991,"href":"https:\/\/zlobkigo.hosting24.pl\/dwojka\/wp-json\/wp\/v2\/pages\/64\/revisions\/42991"}],"up":[{"embeddable":true,"href":"https:\/\/zlobkigo.hosting24.pl\/dwojka\/wp-json\/wp\/v2\/pages\/12"}],"wp:attachment":[{"href":"https:\/\/zlobkigo.hosting24.pl\/dwojka\/wp-json\/wp\/v2\/media?parent=64"}],"curies":[{"name":"wp","href":"https:\/\/api.w.org\/{rel}","templated":true}]}}