{"id":68,"date":"2016-10-26T21:42:01","date_gmt":"2016-10-26T21:42:01","guid":{"rendered":"http:\/\/www.zlobki-gorzow.pl\/dwojka\/?page_id=68"},"modified":"2016-10-26T21:42:01","modified_gmt":"2016-10-26T21:42:01","slug":"nasz-zlobek","status":"publish","type":"page","link":"https:\/\/zlobkigo.hosting24.pl\/dwojka\/o-nas\/nasz-zlobek\/","title":{"rendered":"Nasz \u017b\u0142obek"},"content":{"rendered":"<p style=\"text-align: center;\"><em>Dziecko chce by\u0107 dobre.<br \/>\nJe\u015bli nie umie \u2013 naucz.<br \/>\nJe\u015bli nie wie \u2013 wyt\u0142umacz.<br \/>\nJe\u015bli nie mo\u017ce \u2013 pom\u00f3\u017c.<br \/>\nJanusz Korczak<\/em><\/p>\n<p><strong>Nasz \u017b\u0142obek<\/strong><\/p>\n<p style=\"text-align: justify;\">Rol\u0105 wsp\u00f3\u0142czesnego \u017c\u0142obka jest tworzenie warunk\u00f3w do wszechstronnego, harmonijnego rozwoju dzieci, a w rezultacie rozwini\u0119cie takich cech osobowo\u015bci i umiej\u0119tno\u015bci, kt\u00f3re pozwol\u0105 im z sukcesem funkcjonowa\u0107 w przedszkolu, szkole i ca\u0142ym p\u00f3\u017aniejszym \u017cyciu.<\/p>\n<p style=\"text-align: justify;\">Pobyt dziecka w \u017c\u0142obku ma by\u0107 pozytywnym do\u015bwiadczeniem dla dzieci, a rodzicom dawa\u0107 poczucie bezpiecze\u0144stwa ich dzieci i zabezpieczenia im mo\u017cliwo\u015bci wszechstronnego rozwoju.<\/p>\n<p style=\"text-align: justify;\">W \u017c\u0142obku dzieci maj\u0105 mo\u017cliwo\u015b\u0107 lepszego zaspakajania swoich potrzeb spo\u0142ecznych, emocjonalnych i poznawczych. Zdobyte w \u017c\u0142obku do\u015bwiadczenie ma nast\u0119pnie wp\u0142yw na przebieg edukacji przedszkolnej, a nast\u0119pnie szkolnej.<\/p>\n<p style=\"text-align: justify;\">W naszym \u017c\u0142obku zapewniamy najlepsz\u0105 opiek\u0119, atmosfer\u0119 wzajemnej akceptacji, mi\u0142o\u015bci i przyja\u017ani, r\u00f3\u017cnorodne metody pracy z wykorzystaniem zabawek, pomocy dydaktycznych i specjalistycznego sprz\u0119tu.<\/p>\n<p style=\"text-align: justify;\">\u017b\u0142obek dysponuje przestronnymi salami zabaw oraz pomieszczeniami do odpoczynku. Na terenie \u017b\u0142obka znajduje si\u0119 du\u017cy plac zabaw, kt\u00f3ry umo\u017cliwia przeprowadzanie zabaw z dzie\u0107mi na \u015bwie\u017cym powietrzu. Na ogrodzonym placu zabaw s\u0105 trzy piaskownice i zabawki terenowe. Piasek w piaskownicach wymieniamy raz w roku. Piaskownice umiejscowione s\u0105 w miejscach nas\u0142onecznionych. Teren \u017c\u0142obka jest obsadzony drzewami, kt\u00f3re latem zapewniaj\u0105 nam potrzebny cie\u0144.<\/p>\n<p style=\"text-align: justify;\">Ka\u017cdy z czterech oddzia\u0142\u00f3w sk\u0142ada si\u0119 z: sali zabaw, sali do odpoczynku dzieci, \u0142azienki dla dzieci, szatni oraz pomieszczenia kuchennego.<\/p>\n<p style=\"text-align: justify;\">W naszym \u017c\u0142obku codziennie przeprowadzane s\u0105 zaj\u0119cia edukacyjne oraz zabawy rozwijaj\u0105ce sfer\u0119 fizyczn\u0105, doskonal\u0105ce ma\u0142\u0105 i du\u017c\u0105 motoryk\u0119. Sale zabaw s\u0105 kolorowe, bogato wyposa\u017cone w gry edukacyjne oraz zabawki, kt\u00f3re zosta\u0142y dobrane w taki spos\u00f3b, aby sprzyja\u0142y rozwojowi intelektualnemu, poznawczemu, emocjonalnemu oraz werbalnemu &#8211; mowa bierna i czynna dziecka. Staramy si\u0119 piel\u0119gnowa\u0107 warto\u015bci rodzinne, kulturowe oraz patriotyczne (celebrowanie \u015bwi\u0105t). Zabawki znajduj\u0105ce si\u0119 na salach zabaw s\u0105 wykonane ze zdrowego tworzywa nieszkodliwego dla dzieci.<\/p>\n<p style=\"text-align: justify;\">W \u017b\u0142obku Miejskim Nr 2 w wi\u0119kszo\u015bci zatrudnione s\u0105 kobiety. Jedynym m\u0119\u017cczyzn\u0105 w \u017c\u0142obku jest Pan konserwator. Pracownicy naszej plac\u00f3wki posiadaj\u0105 odpowiednie kwalifikacje stosownie do danego stanowiska. Dzie\u0107mi opiekuj\u0105 si\u0119 dyplomowane piel\u0119gniarki, opiekunki dzieci\u0119ce, nauczycielki wychowania przedszkolnego. Zatrudnione osoby wyczulone s\u0105 na potrzeby dzieci oraz dbaj\u0105 o rozw\u00f3j uczuciowo &#8211; emocjonalno &#8211; spo\u0142eczny maluch\u00f3w.<\/p>\n<p style=\"text-align: justify;\">Warto tak\u017ce zwr\u00f3ci\u0107 uwag\u0119 na to, \u017ce wi\u0119kszo\u015b\u0107 opiekunek w naszym \u017c\u0142obku to panie z wieloletnim sta\u017cem pracy w zakresie opieki nad dzie\u0107mi w wieku do lat 3.<br \/>\nW \u017c\u0142obku dzieci maj\u0105 okazj\u0119 nauczy\u0107 si\u0119 zachowa\u0144 i kontakt\u00f3w z innymi dzie\u0107mi.<br \/>\nTu zawi\u0105zuj\u0105 si\u0119 pierwsze przyja\u017anie, tu jest miejsce na wzajemn\u0105 pomoc, nauk\u0119 rozwi\u0105zywania ma\u0142ych kole\u017ce\u0144skich spor\u00f3w.<\/p>\n<p style=\"text-align: justify;\">W naszym \u017c\u0142obku najcz\u0119\u015bciej pracujemy w ma\u0142ych grupach aby nawi\u0105za\u0107 prawid\u0142owy kontakt z dzieckiem. Obserwujemy zachowanie naszych dzieci, traktuj\u0105c ka\u017cdego malucha indywidualnie, bo przecie\u017c ka\u017cde dziecko jest inne i niepowtarzalne.<\/p>\n<p style=\"text-align: justify;\">Zaj\u0119cia edukacyjne s\u0105 wa\u017cnym elementem naszej pracy, ale najwa\u017cniejsze jest by dziecko czu\u0142o si\u0119 u nas jak w domu. Ka\u017cdy drobny sukces, przejaw samodzielno\u015bci staramy si\u0119 nagradza\u0107, motywuj\u0105c jednocze\u015bnie do dalszych sukces\u00f3w.<\/p>\n<p style=\"text-align: justify;\">Ka\u017cdego dnia uczymy nasze maluchy dobrych nawyk\u00f3w, m.in. zachowywania si\u0119 przy stole, czynno\u015bci samoobs\u0142ugowych w toalecie, \u017cyczliwo\u015bci, przyja\u017ani oraz wzajemnego szacunku.<\/p>\n","protected":false},"excerpt":{"rendered":"<p>Dziecko chce by\u0107 dobre. Je\u015bli nie umie \u2013 naucz. Je\u015bli nie wie \u2013 wyt\u0142umacz. Je\u015bli nie mo\u017ce \u2013 pom\u00f3\u017c. Janusz Korczak Nasz \u017b\u0142obek Rol\u0105 wsp\u00f3\u0142czesnego \u017c\u0142obka jest tworzenie warunk\u00f3w do [&hellip;]<\/p>\n","protected":false},"author":4,"featured_media":0,"parent":12,"menu_order":5,"comment_status":"closed","ping_status":"closed","template":"","meta":{"footnotes":""},"class_list":["post-68","page","type-page","status-publish","hentry","clearfix"],"_links":{"self":[{"href":"https:\/\/zlobkigo.hosting24.pl\/dwojka\/wp-json\/wp\/v2\/pages\/68","targetHints":{"allow":["GET"]}}],"collection":[{"href":"https:\/\/zlobkigo.hosting24.pl\/dwojka\/wp-json\/wp\/v2\/pages"}],"about":[{"href":"https:\/\/zlobkigo.hosting24.pl\/dwojka\/wp-json\/wp\/v2\/types\/page"}],"author":[{"embeddable":true,"href":"https:\/\/zlobkigo.hosting24.pl\/dwojka\/wp-json\/wp\/v2\/users\/4"}],"replies":[{"embeddable":true,"href":"https:\/\/zlobkigo.hosting24.pl\/dwojka\/wp-json\/wp\/v2\/comments?post=68"}],"version-history":[{"count":0,"href":"https:\/\/zlobkigo.hosting24.pl\/dwojka\/wp-json\/wp\/v2\/pages\/68\/revisions"}],"up":[{"embeddable":true,"href":"https:\/\/zlobkigo.hosting24.pl\/dwojka\/wp-json\/wp\/v2\/pages\/12"}],"wp:attachment":[{"href":"https:\/\/zlobkigo.hosting24.pl\/dwojka\/wp-json\/wp\/v2\/media?parent=68"}],"curies":[{"name":"wp","href":"https:\/\/api.w.org\/{rel}","templated":true}]}}