{"id":70,"date":"2016-10-26T21:44:26","date_gmt":"2016-10-26T21:44:26","guid":{"rendered":"http:\/\/www.zlobki-gorzow.pl\/dwojka\/?page_id=70"},"modified":"2016-10-26T21:44:26","modified_gmt":"2016-10-26T21:44:26","slug":"rekrutacja-2","status":"publish","type":"page","link":"https:\/\/zlobkigo.hosting24.pl\/dwojka\/rekrutacja-2\/","title":{"rendered":"Rekrutacja"},"content":{"rendered":"<p>Szanowni Pa\u0144stwo.<\/p>\n<p>Z dniem<b>\u00a015 kwietnia 2024 r.<\/b> rozpoczyna si\u0119 nab\u00f3r do \u017c\u0142obk\u00f3w miejskich na rok szkolny 2024\/2025. Nab\u00f3r dotyczy <u><b><span style=\"color: #0000ff; font-size: medium;\">dzieci zamieszka\u0142ych na terenie miasta Gorzowa Wielkopolskiego.<\/span><\/b><\/u><\/p>\n<p>Nab\u00f3r dzieci do \u017c\u0142obk\u00f3w miejskich odbywa si\u0119\u00a0<b><u>z wykorzystaniem systemu elektronicznego<\/u><\/b>.<\/p>\n<p><b><u><span style=\"color: #0000ff; font-size: medium;\">Uruchomienie<\/span>\u00a0<\/u><\/b>aplikacji za po\u015brednictwem, kt\u00f3rej b\u0119dzie mo\u017cliwe z\u0142o\u017cenie karty przyj\u0119cia dziecka do \u017c\u0142obka (dalej zwanej \u201ewnioskiem\u201d), w wersji elektronicznej,\u00a0<u><b><span style=\"color: #0000ff; font-size: medium;\">nast\u0105pi 15 kwietnia 2024 r. od godz. 8.00.<\/span><\/b><\/u><\/p>\n<p><b><u><span style=\"color: #008080; font-size: medium;\">Zako\u0144czenie<\/span><\/u><\/b>\u00a0mo\u017cliwo\u015bci\u00a0<b><u><span style=\"font-size: medium;\">generacji wniosku<\/span><\/u><\/b>\u00a0nast\u0105pi<span style=\"color: #008000;\">\u00a0<u><b><span style=\"font-size: medium;\">30 kwietnia 2024 r. o godzinie 13.00.<\/span><\/b><\/u><\/span><\/p>\n<p><span style=\"font-size: medium;\"><u><b>Wersj\u0119 elektroniczn\u0105 wniosku nale\u017cy wydrukowa\u0107<\/b><\/u>\u00a0<\/span>i wraz wymaganymi za\u0142\u0105cznikami\u00a0 <span style=\"color: #0000ff; font-size: medium;\"><u>dostarczy\u0107 do <\/u><\/span>\u00a0<u><b><span style=\"color: #0000ff;\">\u017c\u0142obka <\/span><\/b><\/u>w terminie od 15 kwietnia\u00a0<u><b><span style=\"font-size: medium;\"><span style=\"color: #ff0000;\">do 30 kwietnia 2024 r. do godziny 14:00<\/span>.<\/span><\/b><\/u><\/p>\n<p><b><u><span style=\"color: #0000ff; font-size: medium;\">Przypominamy,<\/span><\/u><\/b>\u00a0i\u017c zarejestrowanie kandydata w systemie elektronicznym bez wydrukowania karty przyj\u0119cia dziecka do \u017c\u0142obka, podpisania i dostarczenia do plac\u00f3wki<u><b>\u00a0nie jest zg\u0142oszeniem<\/b><\/u>\u00a0&#8211; taki kandydat nie bierze udzia\u0142u w procesie rekrutacji.<\/p>\n<p>Przed wys\u0142aniem wniosku prosz\u0119 go zapisa\u0107 i wydrukowa\u0107. Nast\u0119pnie zatwierdzi\u0107 i wys\u0142a\u0107.<\/p>\n<p>W przypadku problem\u00f3w technicznych prosimy o kontakt pod adresem e-mail: office@um.gorzow.pl<\/p>\n<p><strong>E-nab\u00f3r do \u017c\u0142obk\u00f3w miejskich<\/strong><\/p>\n<p>Rekrutacja do \u017c\u0142obk\u00f3w miejskich odbywa si\u0119 od 15 do 30 kwietnia ka\u017cdego roku.<\/p>\n<p>&#8211; <strong><u>nab\u00f3r dotyczy dzieci mieszkaj\u0105cych w Gorzowie Wielkopolskim<\/u><\/strong><\/p>\n<p>&#8211; nab\u00f3r prowadzony jest za po\u015brednictwem zg\u0142oszenia internetowego, nast\u0119pnie nale\u017cy wydrukowa\u0107 kart\u0119 zg\u0142oszenia i dostarczy\u0107 do plac\u00f3wki.<\/p>\n<p>Rejestracja krok po kroku:<\/p>\n<p><u>Krok 1 <\/u><\/p>\n<p>W przegl\u0105darce internetowej wchodzimy na stron\u0119: <strong>um.gorzow.pl<\/strong><\/p>\n<p><u>Krok 2<\/u><\/p>\n<p>W lewym g\u00f3rnym rogu klikamy na zak\u0142adk\u0119: <strong>E-URZ\u0104D<\/strong><\/p>\n<p><u>Krok 3<\/u><\/p>\n<p>Kategoria Edukacja klikamy: <a href=\"https:\/\/nabor-kandydat.edukacja.gorzow.pl\/gorzow\/News\">Nab\u00f3r do \u017c\u0142obk\u00f3w<\/a><\/p>\n<p><u>Krok 4<\/u><\/p>\n<p><strong>Od 15 kwietnia 2024 r. godziny 8:00 b\u0119dzie odblokowany formularz zg\u0142oszenia dziecka do \u017c\u0142obka miejskiego<\/strong>, kt\u00f3ry nale\u017cy wype\u0142ni\u0107 zapisa\u0107, podpisa\u0107 i dostarczy\u0107 wraz z wymaganymi dokumentami do plac\u00f3wki.<\/p>\n<p><strong><u>Zasady rekrutacji okre\u015blaj\u0105 nast\u0119puj\u0105ce akty prawne:<\/u><\/strong><\/p>\n<ul>\n<li>Ustawa z dnia 4 lutego o opiece nad dzie\u0107mi do lat 3 ( t.j. Dz. U. z 2023 r., poz. 204 ); (plik do pobrania) <a href=\"https:\/\/zlobkigo.hosting24.pl\/dwojka\/wp-content\/uploads\/2023\/02\/Ustawa-zlobkowa-tj-z-2023r.pdf\">Ustawa \u017c\u0142obkowa tj z 2023r.<\/a><\/li>\n<\/ul>\n<ul>\n<li>Uchwa\u0142a Nr V\/72\/2019 Rady Miasta Gorzowa Wielkopolskiego z dnia 27 lutego 2019 r. w sprawie nadania statutu \u017b\u0142obkowi Miejskiemu Nr 2 w Gorzowie Wielopolskim, zmieniona Uchwa\u0142\u0105 Rady Miasta Gorzowa Wielkopolskiego z dnia 26 lutego 2020 r. Nr XIX\/363\/2020 (Dz. Urz. Woj. Lubuskiego z 2020 roku, poz. 750) oraz Uchwa\u0142\u0105 Nr XLVII\/837\/2022 Rady Miasta Gorzowa Wielkopolskiego z dnia 23 lutego 2022 r. (Dz. Urz. Woj. Lubuskiego z 2022 roku, poz. 435). (pliki do pobrania)<a href=\"https:\/\/www.zlobki-gorzow.pl\/dwojka\/wp-content\/uploads\/2022\/03\/uchwala-statut-ZM2-2019.pdf\">uchwa\u0142a statut \u017bM2 2019<\/a> <a href=\"https:\/\/www.zlobki-gorzow.pl\/dwojka\/wp-content\/uploads\/2022\/03\/uchwala-zmieniajaca-statut-ZM2-luty-2020.pdf\">uchwa\u0142a zmieniaj\u0105ca statut \u017bM2 luty 2020<\/a> <a href=\"https:\/\/www.zlobki-gorzow.pl\/dwojka\/wp-content\/uploads\/2022\/03\/uchwala-zmieniajaca-statut-ZM2-luty-2022.pdf\">uchwa\u0142a zmieniaj\u0105ca statut \u017bM2 luty 2022<\/a><\/li>\n<\/ul>\n<ul>\n<li>Zarz\u0105dzenie nr 03\/2022 Dyrektora \u017b\u0142obka Miejskiego Nr 2 w Gorzowie Wielopolskiego z dnia 15 marca 2022 r. w sprawie ustalenia Regulaminu Organizacyjnego \u017b\u0142obka Miejskiego Nr 2 w Gorzowie Wielopolskim. (plik do pobrania)<a href=\"https:\/\/www.zlobki-gorzow.pl\/dwojka\/wp-content\/uploads\/2022\/03\/03.2022-REGULAMIN-ORGANIZACYJNY-marzec-2022.pdf\">03.2022 REGULAMIN ORGANIZACYJNY marzec 2022<\/a><\/li>\n<\/ul>\n<ul>\n<li>Zarz\u0105dzenie Nr 04\/2022 Dyrektora \u017b\u0142obka Miejskiego Nr 2 w Gorzowie Wielkopolskim z dnia 15 marca 2022 roku w sprawie wprowadzenia zasad rekrutacji dzieci do \u017b\u0142obka Miejskiego Nr 2 oraz powo\u0142ania Komisji Rekrutacyjnej. (plik do pobrania)<a href=\"https:\/\/www.zlobki-gorzow.pl\/dwojka\/wp-content\/uploads\/2022\/03\/04.2022-Zarzadzenie-w-sprawie-Regulaminu-Rekrutacji-Zlobek-Miejski-Nr-2-marzec-2022.pdf\">04.2022 Zarz\u0105dzenie w sprawie Regulaminu Rekrutacji \u017b\u0142obek Miejski Nr 2 marzec 2022<\/a><\/li>\n<\/ul>\n<p>Informujemy, i\u017c nab\u00f3r do \u017c\u0142obk\u00f3w miejskich\u00a0odbywa si\u0119\u00a0z wykorzystaniem systemu elektronicznego.<\/p>\n<p>Zainteresowanych\u00a0rodzic\u00f3w zach\u0119camy do zapoznania si\u0119 z ofertami \u017c\u0142obk\u00f3w oraz zasadami rekrutacji na stronie:<\/p>\n<h3><span style=\"color: #ff0000;\"><a style=\"color: #ff0000;\" href=\"https:\/\/nabor-kandydat.edukacja.gorzow.pl\/gorzow\/News\">https:\/\/nabor-kandydat.edukacja.gorzow.pl\/gorzow\/News <\/a><\/span><\/h3>\n<p><a href=\"https:\/\/www.zlobki-gorzow.pl\/dwojka\/wp-content\/uploads\/2020\/04\/wyjasnienie-dot.-obs\u0142ugi-oprogramowania.pdf\">wyja\u015bnienie dot. obs\u0142ugi oprogramowania<\/a><\/p>\n<p><strong>DOKUMENTY PRZYJMOWANE S\u0104 W GABINECIE DYREKTORA LUB INTENDENTA NA I PI\u0118TRZE<\/strong><\/p>\n<p><strong>\u00a0<\/strong><strong>Harmonogram rekrutacji:<\/strong><\/p>\n<p><strong>Zgodnie ze statutami \u017c\u0142obk\u00f3w miejskich, przyj\u0119tymi przez Rad\u0119 Miasta<br \/>\nGorzowa Wielkopolskiego, nab\u00f3r do \u017c\u0142obk\u00f3w miejskich na rok szkolny 2024\/2025 odbywa si\u0119 od 15 kwietnia do 30 kwietnia 2024 roku.<\/strong><\/p>\n<table width=\"616\">\n<tbody>\n<tr>\n<td width=\"38\"><strong>Lp.<\/strong><\/td>\n<td width=\"257\"><strong>Zadanie<\/strong><\/td>\n<td width=\"321\"><strong>Termin<\/strong><\/td>\n<\/tr>\n<tr>\n<td width=\"38\">1.<\/td>\n<td width=\"257\">Elektroniczne sk\u0142adanie kart zg\u0142oszenia dziecka do \u017c\u0142obka przez rodzic\u00f3w\/ opiekun\u00f3w prawnych<\/td>\n<td width=\"321\">od 15 kwietnia 2024 roku, <strong>od godziny 8:00<\/strong><\/p>\n<p>do 30 kwietnia 2024 roku., <strong>do godziny 13:00<\/strong><\/p>\n<p>&nbsp;<\/td>\n<\/tr>\n<tr>\n<td width=\"38\">2.<\/td>\n<td width=\"257\">Sk\u0142adanie wersji papierowej kart zg\u0142oszenia dziecka do \u017c\u0142obka przez rodzic\u00f3w\/ opiekun\u00f3w prawnych wraz z dokumentami, potwierdzaj\u0105cymi dan\u0105 sytuacj\u0119<\/td>\n<td width=\"321\">od 15 kwietnia do 30 kwietnia 2024 roku<\/p>\n<p>W dniu 30 kwietnia 2024 roku plac\u00f3wki b\u0119d\u0105 przyjmowa\u0142y dokumenty do <strong>godziny 14:00<\/strong><\/td>\n<\/tr>\n<tr>\n<td width=\"38\">3.<\/td>\n<td width=\"257\">Weryfikacja przez Komisje Rekrutacyjn\u0105 kart zg\u0142oszenia i wymaganych dokument\u00f3w oraz\u00a0 wst\u0119pne przyj\u0119cia dzieci do grup<\/td>\n<td width=\"321\">od 1 maja do 15 maja 2024 roku<\/td>\n<\/tr>\n<tr>\n<td width=\"38\">4.<\/td>\n<td width=\"257\">Wywieszenie w \u017c\u0142obku nast\u0119puj\u0105cych list dzieci (identyfikowanych numerem Karty zg\u0142oszenia dziecka do \u017c\u0142obka):<\/p>\n<p>&#8211; przyj\u0119tych na nowy rok szkolny;<\/p>\n<p>&#8211; nieprzyj\u0119tych;<\/p>\n<p>&#8211; odrzuconych z przyczyn formalnych.<\/td>\n<td width=\"321\">od 16 do 20 maja 2024 roku<\/td>\n<\/tr>\n<tr>\n<td width=\"38\">5.<\/td>\n<td width=\"257\">Zebranie z rodzicami<\/td>\n<td width=\"321\">od 21 do 31 maja 2024 roku<\/p>\n<p><strong>(obecno\u015b\u0107 obowi\u0105zkowa )<\/strong><\/td>\n<\/tr>\n<tr>\n<td width=\"38\">6.<\/td>\n<td width=\"257\">Zawieranie um\u00f3w z rodzicami\/opiekunami prawnymi dzieci przyj\u0119tych do \u017c\u0142obka okre\u015blaj\u0105cych szczeg\u00f3\u0142owe zasady korzystania ze \u017c\u0142obka (niepodpisanie umowy w terminie oznacza rezygnacj\u0119 i skre\u015blenie z listy dzieci przyj\u0119tych).<\/td>\n<td width=\"321\">do 31 maja 2024 roku<\/td>\n<\/tr>\n<\/tbody>\n<\/table>\n<p><strong>Wykaz kryteri\u00f3w, punkt\u00f3w rekrutacyjnych oraz dokument\u00f3w potwierdzaj\u0105cych dan\u0105 sytuacj\u0105.<\/strong><\/p>\n<table width=\"100%\">\n<tbody>\n<tr>\n<td width=\"41\"><strong>Lp.<\/strong><\/td>\n<td width=\"143\"><strong>Kryteria<\/strong><\/td>\n<td width=\"132\"><strong>Warto\u015b\u0107 punktowa<\/strong><\/td>\n<td width=\"302\"><strong>Dokumenty potwierdzaj\u0105c\u0105 dan\u0105 sytuacj\u0119<\/strong><\/td>\n<\/tr>\n<tr>\n<td width=\"41\">1<\/td>\n<td width=\"143\">Wielodzietno\u015b\u0107 rodziny dziecka<\/td>\n<td width=\"132\">3 dzieci \u2013 20 pkt, ka\u017cde kolejne dziecko po 5 pkt<\/td>\n<td width=\"302\">O\u015bwiadczenie o wielodzietno\u015bci rodziny dziecka lub o posiadaniu Gorzowskiej Karty Du\u017cej Rodziny przez kandydata do \u017c\u0142obka<\/td>\n<\/tr>\n<tr>\n<td width=\"41\">2<\/td>\n<td width=\"143\">Niepe\u0142nosprawno\u015b\u0107<br \/>\nw rodzinie dziecka<\/td>\n<td width=\"132\">Jedna osoba w rodzinie \u2013 20 pkt,<\/p>\n<p>ka\u017cda kolejna osoba po 5 pkt.<\/td>\n<td width=\"302\">O\u015bwiadczenie o\u00a0 niepe\u0142nosprawno\u015bci poni\u017cej 16 roku \u017cycia b\u0105d\u017a znacznym lub umiarkowanych stopniu niepe\u0142nosprawno\u015bci<\/td>\n<\/tr>\n<tr>\n<td width=\"41\">3<\/td>\n<td width=\"143\">Posiadanie aktualnej Gorzowskiej Karty Mieszka\u0144ca lub wskazanie w zeznaniu rocznym (PIT) za ostatni rok podatkowy miejsca zamieszkania &#8211; Miasto Gorz\u00f3w Wielkopolski<\/td>\n<td width=\"132\">Jeden rodzic \u2013 20 pkt;<\/p>\n<p>Obydwoje rodzic\u00f3w \u2013 40 pkt;<\/p>\n<p>Samotne wychowywanie dziecka \u2013 30 pkt<\/td>\n<td width=\"302\">O\u015bwiadczenie o posiadaniu Gorzowskiej Karty Mieszka\u0144ca przez rodzica \/ rodzic\u00f3w lub zeznanie roczne (PIT) za ostatni rok podatkowy do wgl\u0105du.<\/td>\n<\/tr>\n<tr>\n<td width=\"41\">4<\/td>\n<td width=\"143\">Samotne wychowanie dziecka w rodzinie<\/td>\n<td width=\"132\">10 pkt<\/td>\n<td width=\"302\">O\u015bwiadczenie o samotnym wychowaniu dziecka oraz niewychowywaniu \u017cadnego dziecka wsp\u00f3lnie z jego rodzicem<\/td>\n<\/tr>\n<tr>\n<td width=\"41\">5<\/td>\n<td width=\"143\">Obydwoje rodzice\/ samotny rodzic pracuj\u0105cy w pe\u0142nym wymiarze lub ucz\u0105cych si\u0119 w systemie dziennym<\/td>\n<td width=\"132\">8 pkt.<\/td>\n<td width=\"302\">&#8211; Za\u015bwiadczenie z zak\u0142adu pracy potwierdzaj\u0105ce zatrudnienie, adres zak\u0142adu pracy i wymiar czasu pracy \u2013 do wgl\u0105du;<\/p>\n<p>&#8211; Za\u015bwiadczenie ze szko\u0142y lub uczelni potwierdzaj\u0105ce nauk\u0119 w systemie<\/p>\n<p>dziennym \u2013 do wgl\u0105du;<\/p>\n<p>&#8211; W przypadku prowadzenia dzia\u0142alno\u015bci gospodarczej dokument potwierdzaj\u0105cy jej prowadzenie \u00a0 (aktualny wydruk z CEiDG) &#8211; do wgl\u0105du;<\/p>\n<p>&#8211; W przypadku innej formy zatrudnienia dokument potwierdzaj\u0105cy \u2013 do wgl\u0105du.<\/td>\n<\/tr>\n<tr>\n<td width=\"41\">6<\/td>\n<td width=\"143\">Rodzina zast\u0119pcza<\/td>\n<td width=\"132\">5 pkt.<\/td>\n<td width=\"302\">O\u015bwiadczenie o\u00a0przebywaniu dziecka w rodzinie zast\u0119pczej<\/td>\n<\/tr>\n<tr>\n<td width=\"41\">7<\/td>\n<td width=\"143\">Dziecko, kt\u00f3rego rodze\u0144stwo aktualnie ucz\u0119szcza do danej plac\u00f3wki lub zg\u0142oszenie w aktualnym naborze \u00a0 jednocze\u015bnie dwojga lub wi\u0119cej dzieci<\/td>\n<td width=\"132\">Rodze\u0144stwo \u2013 5 pkt;<\/p>\n<p>Ka\u017cde kolejne dziecko \u2013 2 pkt.<\/td>\n<td width=\"302\">O\u015bwiadczenie o ucz\u0119szczaniu rodze\u0144stwa do danej plac\u00f3wki<\/td>\n<\/tr>\n<tr>\n<td width=\"41\">8<\/td>\n<td width=\"143\">Dziecko, kt\u00f3rego dotyczy wniosek poddane zosta\u0142o obowi\u0105zkowym szczepieniom ochronnym lub kt\u00f3re ze wzgl\u0119d\u00f3w zdrowotnych stwierdzonych przez lekarza nie\u00a0mo\u017ce zosta\u0107 zaszczepione, zgodnie z\u00a0rozporz\u0105dzeniem Ministra Zdrowia z\u00a0dnia 18\u00a0sierpnia<br \/>\n2011\u00a0r. w\u00a0sprawie obowi\u0105zkowych szczepie\u0144<\/td>\n<td width=\"132\">30 pkt.<\/td>\n<td width=\"302\">O\u015bwiadczenie rodzica, \u017ce dziecko zosta\u0142o poddane obowi\u0105zkowym szczepieniom ochronnym okre\u015blonym w\u00a0rozporz\u0105dzeniu Ministra Zdrowia lub zosta\u0142o z\u00a0tego obowi\u0105zku zwolnione z\u00a0przyczyn zdrowotnych.<\/td>\n<\/tr>\n<\/tbody>\n<\/table>\n<p>O\u015bwiadczenie o sytuacji kandydata (plik do pobrania).<a href=\"https:\/\/www.zlobki-gorzow.pl\/dwojka\/wp-content\/uploads\/2022\/03\/zal.-2-Oswiadczenia-sytuacja-kandydata-2022.pdf\">za\u0142. 2 O\u015bwiadczenia sytuacja kandydata 2022<\/a><\/p>\n<p><a href=\"https:\/\/www.zlobki-gorzow.pl\/dwojka\/wp-content\/uploads\/2022\/04\/Obowiazek-informacyjny-WYCHOWANKOWIE-Z2.doc\">Obowi\u0105zek informacyjny WYCHOWANKOWIE Z2<\/a><\/p>\n","protected":false},"excerpt":{"rendered":"<p>Szanowni Pa\u0144stwo. Z dniem\u00a015 kwietnia 2024 r. rozpoczyna si\u0119 nab\u00f3r do \u017c\u0142obk\u00f3w miejskich na rok szkolny 2024\/2025. Nab\u00f3r dotyczy dzieci zamieszka\u0142ych na terenie miasta Gorzowa Wielkopolskiego. Nab\u00f3r dzieci do \u017c\u0142obk\u00f3w [&hellip;]<\/p>\n","protected":false},"author":4,"featured_media":0,"parent":0,"menu_order":0,"comment_status":"closed","ping_status":"closed","template":"","meta":{"footnotes":""},"class_list":["post-70","page","type-page","status-publish","hentry","clearfix"],"_links":{"self":[{"href":"https:\/\/zlobkigo.hosting24.pl\/dwojka\/wp-json\/wp\/v2\/pages\/70","targetHints":{"allow":["GET"]}}],"collection":[{"href":"https:\/\/zlobkigo.hosting24.pl\/dwojka\/wp-json\/wp\/v2\/pages"}],"about":[{"href":"https:\/\/zlobkigo.hosting24.pl\/dwojka\/wp-json\/wp\/v2\/types\/page"}],"author":[{"embeddable":true,"href":"https:\/\/zlobkigo.hosting24.pl\/dwojka\/wp-json\/wp\/v2\/users\/4"}],"replies":[{"embeddable":true,"href":"https:\/\/zlobkigo.hosting24.pl\/dwojka\/wp-json\/wp\/v2\/comments?post=70"}],"version-history":[{"count":0,"href":"https:\/\/zlobkigo.hosting24.pl\/dwojka\/wp-json\/wp\/v2\/pages\/70\/revisions"}],"wp:attachment":[{"href":"https:\/\/zlobkigo.hosting24.pl\/dwojka\/wp-json\/wp\/v2\/media?parent=70"}],"curies":[{"name":"wp","href":"https:\/\/api.w.org\/{rel}","templated":true}]}}