{"id":844,"date":"2017-02-04T20:14:11","date_gmt":"2017-02-04T20:14:11","guid":{"rendered":"http:\/\/www.zlobki-gorzow.pl\/dwojka\/?page_id=844"},"modified":"2017-02-04T20:14:11","modified_gmt":"2017-02-04T20:14:11","slug":"porady-dla-rodzicow","status":"publish","type":"page","link":"https:\/\/zlobkigo.hosting24.pl\/dwojka\/porady-dla-rodzicow\/","title":{"rendered":"Porady dla rodzic\u00f3w"},"content":{"rendered":"<p>Mamo, Tato, id\u0119 do \u017c\u0142obka!<\/p>\n<p>Mamusiu wstajemy! Za\u0142\u00f3\u017c mi prosz\u0119 wygodne dresy i kapcie, kt\u00f3rych nie b\u0119d\u0119 musia\u0142 wciska\u0107 si\u0142\u0105.\u00a0 Zostaw w szatni co\u015b na przebranie \u2013 wiesz, czasem \u0142y\u017cka ta\u0144czy w zupie, czasem \u017cal mi zostawia\u0107 w sali zabawki i \u2026. toaleta tak daleko wydaje si\u0119 wtedy.<br \/>\nMamu\u015b wiem \u017ce moje p\u00f3j\u015bcie do \u017c\u0142obka prze\u017cywasz bardziej ni\u017c ja.<br \/>\nJestem Twoim skarbem, misiem, maluszkiem, myszk\u0105, ksi\u0119\u017cniczk\u0105\u2026..<br \/>\nWiem Mamusiu wiesz co musz\u0119 Ci powiedzie\u0107, \u017ce nam obojgu trudno b\u0119dzie si\u0119 rozsta\u0107<br \/>\nAle tylko na pocz\u0105tku, tylko kilka dni. No mo\u017ce kilka, kilka. I wiesz co mamu\u015b?? Mo\u017ce przyj\u015b\u0107 mi do g\u0142owy kurczowe trzymanie si\u0119 Twojej nogi, Twojej r\u0119ki, b\u0142aganie \u017ceby\u015b mnie nie zostawia\u0142a, nie opuszcza\u0142a nie wychodzi\u0142a beze mnie! Mamusiu pami\u0119taj b\u0105d\u017a siln\u0105 kobiet\u0105 \u2013 Twoja si\u0142a ducha pomo\u017ce mi oswoi\u0107 si\u0119 z now\u0105 nieznan\u0105 mi dot\u0105d sytuacj\u0105. Dokona\u0142a\u015b bardzo dobrego wyboru! Nie ma nic pi\u0119kniejszego ni\u017c szansa mojego rozwoju po\u015br\u00f3d r\u00f3wie\u015bnik\u00f3w. Zobaczysz jeszcze zaskocz\u0119 Ci\u0119 mamusiu wierszykiem wypowiedzianym z pami\u0119ci \u2026 piosenk\u0105 za\u015bpiewan\u0105 dla Ciebie\u2026 rysunkiem o naszej mi\u0142o\u015bci\u2026samodzielnie na\u0142o\u017conymi spodenkami, skarpetkami, a mo\u017ce nawet u\u015bwiadomi\u0119 sobie, \u017ce sprz\u0105tanie po zabawie, to nie taki diabe\u0142 straszny jak go maluj\u0105.<br \/>\nDzi\u0119ki Tobie mog\u0119 nauczy\u0107 si\u0119 tego wszystkiego w \u017c\u0142obku. Tylko musisz wierzy\u0107 we mnie- b\u0119dzie dobrze! B\u0105d\u017a silna. Nie p\u0142acz za mn\u0105 w pracy i po drodze do niej, nie zrobisz mi krzywdy. Nie \u017cegnaj si\u0119 ze mn\u0105 zbyt d\u0142ugo przed wej\u015bciem na sal\u0119, ukochaj mnie\u00a0 najmocniej, najmocniej, najmocniej, na ucho wyszeptaj \u017ce kochasz, \u017ce wr\u00f3cisz i id\u017a odwa\u017cnie. Nie zastanawiaj si\u0119 czy dobrze zrobi\u0142a\u015b oddaj\u0105c mnie do \u017c\u0142obka, Ty mnie nie oddajesz , Ty mnie rozwijasz! Nie przera\u017caj si\u0119 moim p\u0142aczem podczas pierwszych dni\u00a0 \u2013\u00a0\u00a0\u00a0w ten spos\u00f3b pragn\u0119 Ci powiedzie\u0107, \u017ce b\u0119d\u0119 bardzo t\u0119skni\u0142 i \u017ce mocno, mocno Ci\u0119 kocham.\u00a0 A Ty mamusiu swoj\u0105 m\u0105dro\u015bci\u0105, rozs\u0105dkiem oraz konsekwencj\u0105 naucz mnie prosz\u0119 czeka\u0107 na Ciebie cierpliwie ze spokojem w moim malutkim serduszku, a ja obiecuje Ci mamo, \u017ce za jaki\u015b czas sam b\u0119d\u0119 ci\u0105gn\u0105 Ci\u0119 za r\u0119k\u0119 do moich \u017c\u0142obkowych koleg\u00f3w i kole\u017canek &#8211; wszyscy potrzebujemy czasu na odwag\u0119.<\/p>\n<p>&nbsp;<\/p>\n","protected":false},"excerpt":{"rendered":"<p>Mamo, Tato, id\u0119 do \u017c\u0142obka! Mamusiu wstajemy! Za\u0142\u00f3\u017c mi prosz\u0119 wygodne dresy i kapcie, kt\u00f3rych nie b\u0119d\u0119 musia\u0142 wciska\u0107 si\u0142\u0105.\u00a0 Zostaw w szatni co\u015b na przebranie \u2013 wiesz, czasem \u0142y\u017cka [&hellip;]<\/p>\n","protected":false},"author":4,"featured_media":0,"parent":0,"menu_order":0,"comment_status":"closed","ping_status":"closed","template":"","meta":{"footnotes":""},"class_list":["post-844","page","type-page","status-publish","hentry","clearfix"],"_links":{"self":[{"href":"https:\/\/zlobkigo.hosting24.pl\/dwojka\/wp-json\/wp\/v2\/pages\/844","targetHints":{"allow":["GET"]}}],"collection":[{"href":"https:\/\/zlobkigo.hosting24.pl\/dwojka\/wp-json\/wp\/v2\/pages"}],"about":[{"href":"https:\/\/zlobkigo.hosting24.pl\/dwojka\/wp-json\/wp\/v2\/types\/page"}],"author":[{"embeddable":true,"href":"https:\/\/zlobkigo.hosting24.pl\/dwojka\/wp-json\/wp\/v2\/users\/4"}],"replies":[{"embeddable":true,"href":"https:\/\/zlobkigo.hosting24.pl\/dwojka\/wp-json\/wp\/v2\/comments?post=844"}],"version-history":[{"count":0,"href":"https:\/\/zlobkigo.hosting24.pl\/dwojka\/wp-json\/wp\/v2\/pages\/844\/revisions"}],"wp:attachment":[{"href":"https:\/\/zlobkigo.hosting24.pl\/dwojka\/wp-json\/wp\/v2\/media?parent=844"}],"curies":[{"name":"wp","href":"https:\/\/api.w.org\/{rel}","templated":true}]}}