{"id":846,"date":"2017-02-04T20:19:52","date_gmt":"2017-02-04T20:19:52","guid":{"rendered":"http:\/\/www.zlobki-gorzow.pl\/dwojka\/?page_id=846"},"modified":"2024-03-26T01:23:18","modified_gmt":"2024-03-26T00:23:18","slug":"co-przyniesc-do-zlobka","status":"publish","type":"page","link":"https:\/\/zlobkigo.hosting24.pl\/dwojka\/porady-dla-rodzicow\/co-przyniesc-do-zlobka\/","title":{"rendered":"Co przynie\u015b\u0107 do \u017c\u0142obka"},"content":{"rendered":"\t\t<div data-elementor-type=\"wp-page\" data-elementor-id=\"846\" class=\"elementor elementor-846\" data-elementor-post-type=\"page\">\n\t\t\t\t<div class=\"elementor-element elementor-element-5d0d3325 e-flex e-con-boxed e-con e-parent\" data-id=\"5d0d3325\" data-element_type=\"container\" data-e-type=\"container\">\n\t\t\t\t\t<div class=\"e-con-inner\">\n\t\t\t\t<div class=\"elementor-element elementor-element-7d175924 elementor-widget elementor-widget-text-editor\" data-id=\"7d175924\" data-element_type=\"widget\" data-e-type=\"widget\" data-widget_type=\"text-editor.default\">\n\t\t\t\t<div class=\"elementor-widget-container\">\n\t\t\t\t\t\t\t\t\t<p style=\"text-align: center;\"><span style=\"color: #000000;\"><strong>\u017b\u0142obkowe zasady, czyli co nale\u017cy przynie\u015b\u0107 do plac\u00f3wki<\/strong><\/span><\/p><ol><li>Dzieci s\u0105 przyprowadzane do \u017c\u0142obka w godzinach porannych\u00a0do godz. 8.00.<\/li><li><strong> Rodzice\/opiekunowie powinni przynie\u015b\u0107 do \u017c\u0142obka<\/strong>:<\/li><\/ol><ul><li>\u00a0obuwie i ubranie na zmian\u0119 (podpisane);<\/li><li>\u00a0pampersy (podpisane);<\/li><li>\u00a0chusteczki higieniczne (podpisane);<\/li><li>\u00a0chusteczki mokre (podpisane);<\/li><li>\u00a0butelka\/ kubek niekapek \u2013 w zale\u017cno\u015bci od wieku (podpisane).<\/li><\/ul><ol start=\"3\"><li>Aby rozstanie z domowym klimatem by\u0142o mniej odczuwalne, wskazane jest aby dziecko przynios\u0142o ze sob\u0105: swojego ukochanego pluszaka, poduszeczk\u0119 lub smoczek.<\/li><li>Dzieci w \u017c\u0142obku posiadaj\u0105 w\u0142asn\u0105 szafk\u0119 na ubranie i w\u0142asne \u0142\u00f3\u017ceczko z po\u015bciel\u0105.<\/li><li>W razie potrzeby uk\u0142adamy dziecko do snu indywidualnie do jego wymaga\u0144 \/gdy jest senne\/, niezale\u017cnie od pory le\u017cakowania.<\/li><li>Zwa\u017caj\u0105c na bezpiecze\u0144stwo maluch\u00f3w prosimy nie dawa\u0107 dzieciom ma\u0142ych ozd\u00f3b np. kolczyk\u00f3w, spinek itp.<\/li><\/ol>\t\t\t\t\t\t\t\t<\/div>\n\t\t\t\t<\/div>\n\t\t\t\t\t<\/div>\n\t\t\t\t<\/div>\n\t\t\t\t<\/div>\n\t\t","protected":false},"excerpt":{"rendered":"<p>\u017b\u0142obkowe zasady, czyli co nale\u017cy przynie\u015b\u0107 do plac\u00f3wki Dzieci s\u0105 przyprowadzane do \u017c\u0142obka w godzinach porannych\u00a0do godz. 8.00. Rodzice\/opiekunowie powinni przynie\u015b\u0107 do \u017c\u0142obka: \u00a0obuwie i ubranie na zmian\u0119 (podpisane); \u00a0pampersy [&hellip;]<\/p>\n","protected":false},"author":4,"featured_media":0,"parent":844,"menu_order":0,"comment_status":"closed","ping_status":"closed","template":"","meta":{"footnotes":""},"class_list":["post-846","page","type-page","status-publish","hentry","clearfix"],"_links":{"self":[{"href":"https:\/\/zlobkigo.hosting24.pl\/dwojka\/wp-json\/wp\/v2\/pages\/846","targetHints":{"allow":["GET"]}}],"collection":[{"href":"https:\/\/zlobkigo.hosting24.pl\/dwojka\/wp-json\/wp\/v2\/pages"}],"about":[{"href":"https:\/\/zlobkigo.hosting24.pl\/dwojka\/wp-json\/wp\/v2\/types\/page"}],"author":[{"embeddable":true,"href":"https:\/\/zlobkigo.hosting24.pl\/dwojka\/wp-json\/wp\/v2\/users\/4"}],"replies":[{"embeddable":true,"href":"https:\/\/zlobkigo.hosting24.pl\/dwojka\/wp-json\/wp\/v2\/comments?post=846"}],"version-history":[{"count":3,"href":"https:\/\/zlobkigo.hosting24.pl\/dwojka\/wp-json\/wp\/v2\/pages\/846\/revisions"}],"predecessor-version":[{"id":34317,"href":"https:\/\/zlobkigo.hosting24.pl\/dwojka\/wp-json\/wp\/v2\/pages\/846\/revisions\/34317"}],"up":[{"embeddable":true,"href":"https:\/\/zlobkigo.hosting24.pl\/dwojka\/wp-json\/wp\/v2\/pages\/844"}],"wp:attachment":[{"href":"https:\/\/zlobkigo.hosting24.pl\/dwojka\/wp-json\/wp\/v2\/media?parent=846"}],"curies":[{"name":"wp","href":"https:\/\/api.w.org\/{rel}","templated":true}]}}