{"id":857,"date":"2017-02-04T20:30:29","date_gmt":"2017-02-04T20:30:29","guid":{"rendered":"http:\/\/www.zlobki-gorzow.pl\/dwojka\/?page_id=857"},"modified":"2024-03-26T01:24:49","modified_gmt":"2024-03-26T00:24:49","slug":"adaptacja-dziecka-w-zlobku","status":"publish","type":"page","link":"https:\/\/zlobkigo.hosting24.pl\/dwojka\/porady-dla-rodzicow\/adaptacja-dziecka-w-zlobku\/","title":{"rendered":"Adaptacja dziecka w \u017c\u0142obku"},"content":{"rendered":"\t\t<div data-elementor-type=\"wp-page\" data-elementor-id=\"857\" class=\"elementor elementor-857\" data-elementor-post-type=\"page\">\n\t\t\t\t<div class=\"elementor-element elementor-element-1934f2d3 e-flex e-con-boxed e-con e-parent\" data-id=\"1934f2d3\" data-element_type=\"container\" data-e-type=\"container\">\n\t\t\t\t\t<div class=\"e-con-inner\">\n\t\t\t\t<div class=\"elementor-element elementor-element-17bf1269 elementor-widget elementor-widget-text-editor\" data-id=\"17bf1269\" data-element_type=\"widget\" data-e-type=\"widget\" data-widget_type=\"text-editor.default\">\n\t\t\t\t<div class=\"elementor-widget-container\">\n\t\t\t\t\t\t\t\t\t<p><strong>Adaptacja dziecka w \u017c\u0142obku<\/strong><\/p><p>Adaptacja dziecka w \u017c\u0142obku jest procesem zwi\u0105zanym z przyzwyczajaniem si\u0119 do nowego \u015brodowiska i otoczenia. Pogodzeniem z roz\u0142\u0105k\u0105 z rodzicami, nabraniem gotowo\u015bci emocjonalnej i psychicznej do przetrwania tej roz\u0142\u0105ki. Proces ten dotyczy wszystkich dzieci, jest przej\u015bciowy, trwa od dw\u00f3ch tygodni do miesi\u0105ca.<\/p><p><strong>Jej przebieg zale\u017cny jest od kilku czynnik\u00f3w:<\/strong><\/p><ul><li>\u00a0z kim przebywa\u0142o dziecko przed zapisaniem do \u017c\u0142obka?<\/li><li>\u00a0jak silna emocjonalna wie\u017a \u0142\u0105czy dziecko z rodzicami?<\/li><li>\u00a0czy przed \u017c\u0142obkiem mia\u0142o kontakt z r\u00f3wie\u015bnikami i jak intensywny?<\/li><li>\u00a0czy zostawa\u0142o pod opiek\u0105 os\u00f3b trzecich?<\/li><\/ul><p>Adaptacj\u0119 przechodz\u0105 tak\u017ce rodzice, kt\u00f3rzy musz\u0105 pogodzi\u0107 si\u0119 z sytuacj\u0105 oddania w\u0142asnego dziecka pod opiek\u0119 obcych os\u00f3b, pokona\u0107 w\u0142asne poczucie winy, niech\u0119\u0107, niepok\u00f3j, strach. Potrzebuj\u0105 czasu zanim przestan\u0105 my\u015ble\u0107 jak radzi sobie ich male\u0144stwo, czy niczego mu nie brakuje, czy ma zaspakajane wszystkie potrzeby.<\/p><p>Emocje odczuwane przez rodzic\u00f3w s\u0105 kluczowym aspektem przebiegu adaptacji u dziecka. Rodzic powinien mie\u0107 nastawienie pozytywne, przyjazne, wspiera\u0107 dziecko w trudnych dla niego chwilach. Dawa\u0107 poczucie bezpiecze\u0144stwa i pewno\u015b\u0107, \u017ce decyzja zapisania dziecka do \u017c\u0142obka jest s\u0142uszna.<\/p><p>Podczas pierwszych dni pobytu, rodzice odczuwaj\u0105 niepok\u00f3j, niepewno\u015b\u0107, roz\u017calenie, strach, l\u0119k, s\u0105 to zupe\u0142nie normalne reakcje. Trzeba jednak pami\u0119ta\u0107, \u017ce dzieci doskonale wyczuwaj\u0105 nastroje w\u0142asnych rodzic\u00f3w, kiedy oni s\u0105 niepewni, niespokojni, dzieciom trudniej pogodzi\u0107 si\u0119 z roz\u0142\u0105k\u0105 i przystosowa\u0107 do nowej sytuacji.<\/p><p>Pobyt dziecka w \u017c\u0142obku jest dla niego bardzo silnym prze\u017cyciem, radykalnym zmianom ulega dotychczasowe funkcjonowanie w \u015brodowisku rodzinnym. Potrzeba czasu na przyzwyczajenie si\u0119 do nowej sytuacji, odmiennego ni\u017c dotychczas harmonogramu dnia, wsp\u00f3\u0142pracy w grupie r\u00f3wie\u015bniczej, spo\u017cywania wsp\u00f3lnych posi\u0142k\u00f3w, le\u017cakowania, ha\u0142asu, szumu, r\u00f3\u017cnorodno\u015bci zabaw.<\/p><p>Na dzieci spada ci\u0119\u017car gotowo\u015bci i dojrza\u0142o\u015bci spo\u0142eczno-emocjonalnej, kt\u00f3rej dotychczas si\u0119 od niego nie wymaga\u0142o. W zwi\u0105zku z tak du\u017c\u0105 zmian\u0105 w \u017cyciu, u dzieci mog\u0105 pojawi\u0107 si\u0119 r\u00f3\u017cnego rodzaju objawy psychosomatyczne zwi\u0105zane z adaptacj\u0105.<\/p><p><strong>Do najcz\u0119\u015bciej wyst\u0119puj\u0105cych mo\u017cemy zaliczy\u0107:<\/strong><\/p><ul><li>\u00a0p\u0142aczliwo\u015b\u0107, rozdra\u017cnienie, wpadanie w histeri\u0119;<\/li><li>\u00a0labilno\u015b\u0107 emocjonalna- cz\u0119ste zmiany nastroj\u00f3w;<\/li><li>\u00a0trudno\u015bci ze spaniem, cz\u0119ste wybudzanie si\u0119, niespokojne wiercenie;<\/li><li>\u00a0napady agresji, buntu, sprzeciwy, popychanie, bicie, rzucanie si\u0119 na ziemi\u0119;<\/li><li>\u00a0zmniejszenie apetytu (ca\u0142kowite odmawianie jedzenia) lub jego wzmo\u017cenie;<\/li><li>\u00a0wymioty, b\u00f3le brzucha, biegunka;<\/li><li>\u00a0apatia, l\u0119kliwo\u015b\u0107, zahamowanie emocjonalne;<\/li><li>\u00a0regres- cofni\u0119cie si\u0119 nabytych ju\u017c umiej\u0119tno\u015bci ( powr\u00f3t do wypr\u00f3\u017cniania si\u0119 w pieluchy itp.);<\/li><\/ul><p>Pojawienie si\u0119 objaw\u00f3w jest zale\u017cne od stopnia dojrza\u0142o\u015bci uk\u0142adu nerwowego dziecka, dojrza\u0142o\u015bci emocjonalnej, progu odporno\u015bci psychicznej, jak r\u00f3wnie\u017c umiej\u0119tno\u015bci przygotowania dziecka do \u017c\u0142obka.<\/p><p>W pierwszych dniach, tygodniach pobytu w \u017c\u0142obku z pewno\u015bci\u0105 wi\u0119kszo\u015bci dzieciom towarzyszy p\u0142acz, rozdra\u017cnienie, niekiedy histeryczne tupanie nogami. Dziecko, kt\u00f3re nagle znalaz\u0142o si\u0119 w nieznanym \u015brodowisku, czuje si\u0119 zagubione i nieszcz\u0119\u015bliwe. Nie potrafi zaakceptowa\u0107 tego, co proponuj\u0105 opiekunowie, odrzuca wszystkie zach\u0119ty zabawy, pocieszenia, podejmowane rozmowy. Wielkim prze\u017cyciem staje si\u0119 spo\u017cywanie posi\u0142k\u00f3w, uk\u0142adanie do snu na le\u017caku tak innym od w\u0142asnego \u0142\u00f3\u017ceczka. Nast\u0119puje strach przed niemo\u017cno\u015bci\u0105 powrotu do domu, do mamy, taty, babci, ulubionej lalki, misia. Zanim maluch pokona l\u0119k i przyzwyczai si\u0119 do planu dnia, jego naturaln\u0105 reakcj\u0105 jest p\u0142acz. Ma\u0142y cz\u0142owiek, zw\u0142aszcza, gdy jeszcze nie potrafi m\u00f3wi\u0107, ma prawo p\u0142aka\u0107. W ten spos\u00f3b komunikuje si\u0119 z nami. P\u0142aczem opowiada o swoich potrzebach, o napi\u0119ciu, jakiego do\u015bwiadcza, o swoich odczuciach. By da\u0107 zna\u0107 innym wok\u00f3\u0142 co czuje, jakie emocje mu towarzysz\u0105. To co musimy w tej sytuacji zrobi\u0107 to pozwoli\u0107 mu p\u0142aka\u0107 \u2013 jest to jedyny naturalny spos\u00f3b, w jaki dziecko pozbywa si\u0119 nagromadzonych wewn\u0105trz emocji i napi\u0119\u0107.<\/p><p><strong>Kilka wskaz\u00f3wek pomocnych w adaptacji:<\/strong><\/p><ol><li>Trzeba pami\u0119ta\u0107, \u017ce w pierwszych dniach pobyt dziecka w \u017c\u0142obku powinien by\u0107 kr\u00f3tki, stopniowo nale\u017cy przyzwyczaja\u0107 go do roz\u0142\u0105ki z rodzicem. Dlatego wa\u017cne jest, aby by\u0142o odbierane po obiedzie ok. godz. 11.30.<\/li><li>Po\u017cegnanie z maluchem zawsze jest bardzo trudne dla wszystkich r\u00f3wnie\u017c dla rodzic\u00f3w, dlatego wa\u017cne aby trwa\u0142o jak najkr\u00f3cej. Przed\u0142u\u017canie przytulania, ca\u0142owania powoduje, \u017ce dziecko jeszcze mocniej koncentruje si\u0119 na swoich emocjach i p\u0142aczu.<\/li><li>Gdy dziecko wesz\u0142o ju\u017c na sal\u0119 i po\u017cegna\u0142o si\u0119 z rodzicem, wa\u017cne jest aby nie sta\u0107 w drzwiach i nie zagl\u0105da\u0107 ponownie na sal\u0119. To powoduje ponowne rozdra\u017cnienie i podtrzymanie emocji \u017calu i rozpaczy.<\/li><li>W pierwszych tygodniach mo\u017cna pozwoli\u0107 maluchowi na zabieranie ze sob\u0105 ulubionej zabawki, misia, kocyka, kt\u00f3ra zapewnia poczucie bezpiecze\u0144stwa i kojarzy si\u0119 z domem. W momencie kiedy dziecko przyzwyczai si\u0119 do \u017c\u0142obka nale\u017cy stopniowo ogranicza\u0107 zabawki np. zostawia\u0107 w szatni na p\u00f3\u0142ce.<\/li><\/ol><p>\u00a0<\/p><p><em>Najwa\u017cniejszym aspektem pomy\u015blnego przej\u015bcia adaptacji jest zaufanie do plac\u00f3wki oraz opiekun\u00f3w. S\u0142uchanie porad i wsp\u00f3\u0142praca mi\u0119dzy personelem a rodzicami. Zaufanie, dobre zdanie oraz pewno\u015b\u0107 podj\u0119cia dobrej decyzji s\u0105 kluczem do prawid\u0142owej adaptacji dziecka do \u017c\u0142obka.<\/em><\/p>\t\t\t\t\t\t\t\t<\/div>\n\t\t\t\t<\/div>\n\t\t\t\t\t<\/div>\n\t\t\t\t<\/div>\n\t\t\t\t<\/div>\n\t\t","protected":false},"excerpt":{"rendered":"<p>Adaptacja dziecka w \u017c\u0142obku Adaptacja dziecka w \u017c\u0142obku jest procesem zwi\u0105zanym z przyzwyczajaniem si\u0119 do nowego \u015brodowiska i otoczenia. Pogodzeniem z roz\u0142\u0105k\u0105 z rodzicami, nabraniem gotowo\u015bci emocjonalnej i psychicznej do [&hellip;]<\/p>\n","protected":false},"author":4,"featured_media":0,"parent":844,"menu_order":3,"comment_status":"closed","ping_status":"closed","template":"","meta":{"footnotes":""},"class_list":["post-857","page","type-page","status-publish","hentry","clearfix"],"_links":{"self":[{"href":"https:\/\/zlobkigo.hosting24.pl\/dwojka\/wp-json\/wp\/v2\/pages\/857","targetHints":{"allow":["GET"]}}],"collection":[{"href":"https:\/\/zlobkigo.hosting24.pl\/dwojka\/wp-json\/wp\/v2\/pages"}],"about":[{"href":"https:\/\/zlobkigo.hosting24.pl\/dwojka\/wp-json\/wp\/v2\/types\/page"}],"author":[{"embeddable":true,"href":"https:\/\/zlobkigo.hosting24.pl\/dwojka\/wp-json\/wp\/v2\/users\/4"}],"replies":[{"embeddable":true,"href":"https:\/\/zlobkigo.hosting24.pl\/dwojka\/wp-json\/wp\/v2\/comments?post=857"}],"version-history":[{"count":3,"href":"https:\/\/zlobkigo.hosting24.pl\/dwojka\/wp-json\/wp\/v2\/pages\/857\/revisions"}],"predecessor-version":[{"id":34320,"href":"https:\/\/zlobkigo.hosting24.pl\/dwojka\/wp-json\/wp\/v2\/pages\/857\/revisions\/34320"}],"up":[{"embeddable":true,"href":"https:\/\/zlobkigo.hosting24.pl\/dwojka\/wp-json\/wp\/v2\/pages\/844"}],"wp:attachment":[{"href":"https:\/\/zlobkigo.hosting24.pl\/dwojka\/wp-json\/wp\/v2\/media?parent=857"}],"curies":[{"name":"wp","href":"https:\/\/api.w.org\/{rel}","templated":true}]}}